{"id":945,"date":"2021-04-26T14:25:39","date_gmt":"2021-04-26T14:25:39","guid":{"rendered":"https:\/\/queixotetilla.org\/?page_id=945"},"modified":"2024-06-05T13:39:46","modified_gmt":"2024-06-05T13:39:46","slug":"historia","status":"publish","type":"page","link":"https:\/\/queixotetilla.org\/gl\/historia\/","title":{"rendered":"Historia"},"content":{"rendered":"<p>[et_pb_section fb_built=&#8221;1&#8243; admin_label=&#8221;Services&#8221; _builder_version=&#8221;3.22&#8243; custom_padding=&#8221;2px|||||&#8221; locked=&#8221;off&#8221;][et_pb_row use_custom_gutter=&#8221;on&#8221; gutter_width=&#8221;1&#8243; _builder_version=&#8221;4.4.8&#8243; width=&#8221;100%&#8221; max_width=&#8221;2560px&#8221; module_alignment=&#8221;center&#8221; custom_padding=&#8221;50px||50px||false|false&#8221; background_enable_color=&#8221;off&#8221; background_image=&#8221;https:\/\/queixotetilla.org\/wp-content\/uploads\/2021\/08\/3.jpg&#8221;][et_pb_column type=&#8221;4_4&#8243; _builder_version=&#8221;3.25&#8243; custom_padding=&#8221;|||&#8221; custom_padding__hover=&#8221;|||&#8221;][et_pb_text _builder_version=&#8221;4.4.8&#8243; text_font=&#8221;Century Gothic Bold||||||||&#8221; text_text_color=&#8221;#ffffff&#8221; text_font_size=&#8221;45px&#8221; text_line_height=&#8221;1.2em&#8221; header_font=&#8221;||||||||&#8221; header_2_font=&#8221;Patua One|600|||||||&#8221; header_2_font_size=&#8221;36px&#8221; header_2_line_height=&#8221;1.4em&#8221; header_3_font=&#8221;||||||||&#8221; header_4_font=&#8221;Patua One|||on|||||&#8221; header_4_text_color=&#8221;#a06d51&#8243; header_4_font_size=&#8221;14px&#8221; header_4_letter_spacing=&#8221;1px&#8221; header_4_line_height=&#8221;1.4em&#8221; header_2_font_size_tablet=&#8221;26px&#8221; header_2_font_size_phone=&#8221;20px&#8221; header_2_font_size_last_edited=&#8221;on|phone&#8221; locked=&#8221;off&#8221;]<\/p>\n<p style=\"text-align: center;\">ELABORANDO LA TRADICI\u00d3N<\/p>\n<p>[\/et_pb_text][\/et_pb_column][\/et_pb_row][et_pb_row _builder_version=&#8221;4.4.8&#8243; max_width=&#8221;1200px&#8221; custom_padding=&#8221;45px|||||&#8221;][et_pb_column type=&#8221;4_4&#8243; _builder_version=&#8221;4.4.8&#8243;][et_pb_text _builder_version=&#8221;4.4.8&#8243; text_font=&#8221;Century Gothic||||||||&#8221; text_font_size=&#8221;15px&#8221;]<\/p>\n<p style=\"text-align: center;\">La elaboraci\u00f3n del Queso Tetilla con Denominaci\u00f3n de Origen Protegida sigue los siguientes pasos:<\/p>\n<p>[\/et_pb_text][\/et_pb_column][\/et_pb_row][et_pb_row column_structure=&#8221;1_3,1_3,1_3&#8243; _builder_version=&#8221;4.4.8&#8243; max_width=&#8221;1200px&#8221; custom_margin=&#8221;-8px|auto||auto||&#8221; custom_padding=&#8221;19px||6px|||&#8221;][et_pb_column type=&#8221;1_3&#8243; _builder_version=&#8221;4.4.8&#8243;][et_pb_blurb title=&#8221;Vaca de razas frisona, pardo alpina y rubia gallega sus cruces&#8221; image_max_width=&#8221;80px&#8221; image_max_width_tablet=&#8221;&#8221; image_max_width_phone=&#8221;50px&#8221; image_max_width_last_edited=&#8221;on|phone&#8221; _builder_version=&#8221;4.4.8&#8243; header_font=&#8221;Century Gothic Bold||||||||&#8221; header_text_color=&#8221;#000000&#8243; header_font_size=&#8221;16px&#8221; header_line_height=&#8221;1.4em&#8221; body_font=&#8221;Century Gothic||||||||&#8221; body_line_height=&#8221;1.5em&#8221; text_orientation=&#8221;center&#8221; max_width=&#8221;500px&#8221; custom_margin=&#8221;|-10px|30px|-10px|false|false&#8221; custom_padding=&#8221;30px|30px|30px|30px|true|true&#8221; animation=&#8221;off&#8221; link_option_url=&#8221;#&#8221; border_width_all=&#8221;1px&#8221; border_color_all=&#8221;rgba(0,0,0,0.12)&#8221; box_shadow_style=&#8221;preset1&#8243; box_shadow_vertical=&#8221;0px&#8221; box_shadow_blur=&#8221;0px&#8221; box_shadow_color=&#8221;rgba(0,0,0,0.11)&#8221; locked=&#8221;off&#8221; box_shadow_blur__hover=&#8221;60px&#8221; box_shadow_blur__hover_enabled=&#8221;on&#8221;]<\/p>\n<p>Orde\u00f1o: producto \u00edntegro, sin calostros, sin conservadores, sin inhibidores, sin medicamentos<\/p>\n<p>[\/et_pb_blurb][et_pb_blurb title=&#8221;Corte, desuerado y lavado&#8221; image_max_width=&#8221;80px&#8221; image_max_width_tablet=&#8221;&#8221; image_max_width_phone=&#8221;50px&#8221; image_max_width_last_edited=&#8221;on|phone&#8221; _builder_version=&#8221;4.4.8&#8243; header_font=&#8221;Century Gothic Bold||||||||&#8221; header_text_color=&#8221;#000000&#8243; header_font_size=&#8221;16px&#8221; header_line_height=&#8221;1.4em&#8221; body_font=&#8221;Century Gothic||||||||&#8221; body_line_height=&#8221;1.5em&#8221; text_orientation=&#8221;center&#8221; max_width=&#8221;500px&#8221; custom_margin=&#8221;|-10px|30px|-10px|false|false&#8221; custom_padding=&#8221;30px|30px|30px|30px|true|true&#8221; animation=&#8221;off&#8221; link_option_url=&#8221;#&#8221; border_width_all=&#8221;1px&#8221; border_color_all=&#8221;rgba(0,0,0,0.12)&#8221; box_shadow_style=&#8221;preset1&#8243; box_shadow_vertical=&#8221;0px&#8221; box_shadow_blur=&#8221;0px&#8221; box_shadow_color=&#8221;rgba(0,0,0,0.11)&#8221; locked=&#8221;off&#8221; box_shadow_blur__hover=&#8221;60px&#8221; box_shadow_blur__hover_enabled=&#8221;on&#8221;]<\/p>\n<p>Granulometr\u00eda de un garbanzo\u00a0retirada de parte del suero liberado y, opcionalmente, lavado con agua para bajar la acidez de la cuajada hasta entre 4\u00ba y 6\u00ba Dornic<\/p>\n<p>[\/et_pb_blurb][et_pb_blurb title=&#8221;Prensado&#8221; image_max_width=&#8221;80px&#8221; image_max_width_tablet=&#8221;&#8221; image_max_width_phone=&#8221;50px&#8221; image_max_width_last_edited=&#8221;on|phone&#8221; _builder_version=&#8221;4.4.8&#8243; header_font=&#8221;Century Gothic Bold||||||||&#8221; header_text_color=&#8221;#000000&#8243; header_font_size=&#8221;16px&#8221; header_line_height=&#8221;1.4em&#8221; body_font=&#8221;Century Gothic||||||||&#8221; body_line_height=&#8221;1.5em&#8221; text_orientation=&#8221;center&#8221; max_width=&#8221;500px&#8221; custom_margin=&#8221;|-10px|30px|-10px|false|false&#8221; custom_padding=&#8221;30px|30px|30px|30px|true|true&#8221; animation=&#8221;off&#8221; link_option_url=&#8221;#&#8221; border_width_all=&#8221;1px&#8221; border_color_all=&#8221;rgba(0,0,0,0.12)&#8221; box_shadow_style=&#8221;preset1&#8243; box_shadow_vertical=&#8221;0px&#8221; box_shadow_blur=&#8221;0px&#8221; box_shadow_color=&#8221;rgba(0,0,0,0.11)&#8221; locked=&#8221;off&#8221; box_shadow_blur__hover=&#8221;60px&#8221; box_shadow_blur__hover_enabled=&#8221;on&#8221;]<\/p>\n<p>Tiempo necesario para alcanzar las caracter\u00edsticas propias del Queso Tetilla<\/p>\n<p>[\/et_pb_blurb][\/et_pb_column][et_pb_column type=&#8221;1_3&#8243; _builder_version=&#8221;4.4.8&#8243;][et_pb_blurb title=&#8221;Leche&#8221; image_max_width=&#8221;80px&#8221; image_max_width_tablet=&#8221;&#8221; image_max_width_phone=&#8221;50px&#8221; image_max_width_last_edited=&#8221;on|phone&#8221; _builder_version=&#8221;4.4.8&#8243; header_font=&#8221;Century Gothic Bold||||||||&#8221; header_text_color=&#8221;#000000&#8243; header_font_size=&#8221;16px&#8221; header_line_height=&#8221;1.4em&#8221; body_font=&#8221;Century Gothic||||||||&#8221; body_line_height=&#8221;1.5em&#8221; text_orientation=&#8221;center&#8221; max_width=&#8221;500px&#8221; custom_margin=&#8221;|-10px|30px|-10px|false|false&#8221; custom_padding=&#8221;30px|30px|30px|30px|true|true&#8221; animation=&#8221;off&#8221; link_option_url=&#8221;#&#8221; border_width_all=&#8221;1px&#8221; border_color_all=&#8221;rgba(0,0,0,0.12)&#8221; box_shadow_style=&#8221;preset1&#8243; box_shadow_vertical=&#8221;0px&#8221; box_shadow_blur=&#8221;0px&#8221; box_shadow_color=&#8221;rgba(0,0,0,0.11)&#8221; locked=&#8221;off&#8221; box_shadow_blur__hover=&#8221;60px&#8221; box_shadow_blur__hover_enabled=&#8221;on&#8221;]<\/p>\n<p>Prohibida la estandarizaci\u00f3n o manipulaci\u00f3n que cambie la composici\u00f3n inicial. Solo se podr\u00e1 a\u00f1adir cloruro c\u00e1lcico<\/p>\n<p>[\/et_pb_blurb][et_pb_blurb title=&#8221;Moldeado&#8221; image_max_width=&#8221;80px&#8221; image_max_width_tablet=&#8221;&#8221; image_max_width_phone=&#8221;50px&#8221; image_max_width_last_edited=&#8221;on|phone&#8221; _builder_version=&#8221;4.4.8&#8243; header_font=&#8221;Century Gothic Bold||||||||&#8221; header_text_color=&#8221;#000000&#8243; header_font_size=&#8221;16px&#8221; header_line_height=&#8221;1.4em&#8221; body_font=&#8221;Century Gothic||||||||&#8221; body_line_height=&#8221;1.5em&#8221; text_orientation=&#8221;center&#8221; max_width=&#8221;500px&#8221; custom_margin=&#8221;|-10px|30px|-10px|false|false&#8221; custom_padding=&#8221;30px|30px|30px|30px|true|true&#8221; animation=&#8221;off&#8221; link_option_url=&#8221;#&#8221; border_width_all=&#8221;1px&#8221; border_color_all=&#8221;rgba(0,0,0,0.12)&#8221; box_shadow_style=&#8221;preset1&#8243; box_shadow_vertical=&#8221;0px&#8221; box_shadow_blur=&#8221;0px&#8221; box_shadow_color=&#8221;rgba(0,0,0,0.11)&#8221; locked=&#8221;off&#8221; box_shadow_blur__hover=&#8221;60px&#8221; box_shadow_blur__hover_enabled=&#8221;on&#8221;]<\/p>\n<p>Forma: c\u00f3nica, c\u00f3ncavo \u2013 convexa<\/p>\n<p>Peso: 0.5 \u2013 1.5 Kgs<\/p>\n<p>Dimensiones: altura mayor al radio e inferior al di\u00e1metro. 90 \u2013 150 mm<\/p>\n<p>[\/et_pb_blurb][et_pb_blurb title=&#8221;Salado&#8221; image_max_width=&#8221;80px&#8221; image_max_width_tablet=&#8221;&#8221; image_max_width_phone=&#8221;50px&#8221; image_max_width_last_edited=&#8221;on|phone&#8221; _builder_version=&#8221;4.4.8&#8243; header_font=&#8221;Century Gothic Bold||||||||&#8221; header_text_color=&#8221;#000000&#8243; header_font_size=&#8221;16px&#8221; header_line_height=&#8221;1.4em&#8221; body_font=&#8221;Century Gothic||||||||&#8221; body_line_height=&#8221;1.5em&#8221; text_orientation=&#8221;center&#8221; max_width=&#8221;500px&#8221; custom_margin=&#8221;|-10px|30px|-10px|false|false&#8221; custom_padding=&#8221;30px|30px|30px|30px|true|true&#8221; animation=&#8221;off&#8221; link_option_url=&#8221;#&#8221; border_width_all=&#8221;1px&#8221; border_color_all=&#8221;rgba(0,0,0,0.12)&#8221; box_shadow_style=&#8221;preset1&#8243; box_shadow_vertical=&#8221;0px&#8221; box_shadow_blur=&#8221;0px&#8221; box_shadow_color=&#8221;rgba(0,0,0,0.11)&#8221; locked=&#8221;off&#8221; box_shadow_blur__hover=&#8221;60px&#8221; box_shadow_blur__hover_enabled=&#8221;on&#8221;]<\/p>\n<p>En cuba y\/o en salmuera, con un tiempo m\u00e1ximo de inmersi\u00f3n de 24 horas<\/p>\n<p>[\/et_pb_blurb][\/et_pb_column][et_pb_column type=&#8221;1_3&#8243; _builder_version=&#8221;4.4.8&#8243;][et_pb_blurb title=&#8221;Coagulaci\u00f3n&#8221; image_max_width=&#8221;80px&#8221; image_max_width_tablet=&#8221;&#8221; image_max_width_phone=&#8221;50px&#8221; image_max_width_last_edited=&#8221;on|phone&#8221; _builder_version=&#8221;4.4.8&#8243; header_font=&#8221;Century Gothic Bold||||||||&#8221; header_text_color=&#8221;#000000&#8243; header_font_size=&#8221;16px&#8221; header_line_height=&#8221;1.4em&#8221; body_font=&#8221;Century Gothic||||||||&#8221; body_line_height=&#8221;1.5em&#8221; text_orientation=&#8221;center&#8221; max_width=&#8221;500px&#8221; custom_margin=&#8221;|-10px|30px|-10px|false|false&#8221; custom_padding=&#8221;30px|30px|30px|30px|true|true&#8221; animation=&#8221;off&#8221; link_option_url=&#8221;#&#8221; border_width_all=&#8221;1px&#8221; border_color_all=&#8221;rgba(0,0,0,0.12)&#8221; box_shadow_style=&#8221;preset1&#8243; box_shadow_vertical=&#8221;0px&#8221; box_shadow_blur=&#8221;0px&#8221; box_shadow_color=&#8221;rgba(0,0,0,0.11)&#8221; locked=&#8221;off&#8221; box_shadow_blur__hover=&#8221;60px&#8221; box_shadow_blur__hover_enabled=&#8221;on&#8221;]<\/p>\n<p>Con extracto de cuajo animal u otros enzimas coagulantes expresamente autorizados.<\/p>\n<p>Fermentos l\u00e1cticos:\u00a0<em>Lactococcus lactis subsp. lactis, Lactococcus lactis subsp. cremoris<\/em>\u00a0y cualquier otro que no modifique las caracter\u00edsticas de los quesos a amparar y que sea expresamente autorizado para la elaboraci\u00f3n de este queso.<\/p>\n<p>Temperatura: 30-34\u00baC, tiempo de cuajado: no inferior a 30 y menor de 60 minutos.<\/p>\n<p>[\/et_pb_blurb][et_pb_blurb title=&#8221;Maduraci\u00f3n&#8221; image_max_width=&#8221;80px&#8221; image_max_width_tablet=&#8221;&#8221; image_max_width_phone=&#8221;50px&#8221; image_max_width_last_edited=&#8221;on|phone&#8221; _builder_version=&#8221;4.4.8&#8243; header_font=&#8221;Century Gothic Bold||||||||&#8221; header_text_color=&#8221;#000000&#8243; header_font_size=&#8221;16px&#8221; header_line_height=&#8221;1.4em&#8221; body_font=&#8221;Century Gothic||||||||&#8221; body_line_height=&#8221;1.5em&#8221; text_orientation=&#8221;center&#8221; max_width=&#8221;500px&#8221; custom_margin=&#8221;|-10px|30px|-10px|false|false&#8221; custom_padding=&#8221;30px|30px|30px|30px|true|true&#8221; animation=&#8221;off&#8221; link_option_url=&#8221;#&#8221; border_width_all=&#8221;1px&#8221; border_color_all=&#8221;rgba(0,0,0,0.12)&#8221; box_shadow_style=&#8221;preset1&#8243; box_shadow_vertical=&#8221;0px&#8221; box_shadow_blur=&#8221;0px&#8221; box_shadow_color=&#8221;rgba(0,0,0,0.11)&#8221; locked=&#8221;off&#8221; box_shadow_blur__hover=&#8221;60px&#8221; box_shadow_blur__hover_enabled=&#8221;on&#8221;]<\/p>\n<p>Tiempo m\u00ednimo de 8 d\u00edas, contados a partir del d\u00eda siguiente al de la elaboraci\u00f3n. Pr\u00e1cticas de volteo y limpiezas. Control de calidad. Etiquetado<\/p>\n<p>[\/et_pb_blurb][\/et_pb_column][\/et_pb_row][et_pb_row column_structure=&#8221;2_5,3_5&#8243; _builder_version=&#8221;4.4.8&#8243; max_width=&#8221;1200px&#8221; custom_padding=&#8221;3px|||||&#8221;][et_pb_column type=&#8221;2_5&#8243; _builder_version=&#8221;4.4.8&#8243;][et_pb_image src=&#8221;https:\/\/queixotetilla.org\/wp-content\/uploads\/2021\/04\/tetilla-scaled.jpg&#8221; title_text=&#8221;tetilla&#8221; _builder_version=&#8221;4.4.8&#8243;][\/et_pb_image][\/et_pb_column][et_pb_column type=&#8221;3_5&#8243; _builder_version=&#8221;4.4.8&#8243;][et_pb_text _builder_version=&#8221;4.4.8&#8243; text_font=&#8221;Century Gothic||||||||&#8221; text_line_height=&#8221;1.4em&#8221; custom_padding=&#8221;27px|||||&#8221;]<\/p>\n<p style=\"text-align: left;\"><strong>Forma<\/strong>: c\u00f3nica c\u00f3ncavo \u2013 convexa<\/p>\n<p style=\"text-align: left;\"><strong>Peso<\/strong>: 0.5 \u2013 1.5 Kg<\/p>\n<p style=\"text-align: left;\"><strong>Dimensiones:<\/strong> altura mayor al radio e inferior al di\u00e1metro de la base. 90 \u2013 150 mm<\/p>\n<p style=\"text-align: left;\"><strong>Corteza:<\/strong> apreciable, fina y el\u00e1stica. menor 3mm. amarillo pajizo natural y sin mohos<\/p>\n<p style=\"text-align: left;\"><strong>Pasta:<\/strong> blanda, cremosa y uniforme, sin ojos o con pocos ojos peque\u00f1os y repartidos<\/p>\n<p style=\"text-align: left;\"><strong>Color<\/strong>: blanco \u2013 marfil, amarillento<\/p>\n<p style=\"text-align: left;\"><strong>Olor:<\/strong> suave, ligeramente \u00e1cido y que en conjunto recuerda a la leche de que procede<\/p>\n<p style=\"text-align: left;\"><strong>Sabor y aroma:<\/strong> l\u00e1cteo, mantecoso, ligeramente \u00e1cido y salado suave\u00a0porcentaje materia grasa sobre extracto seco: 45% m\u00ednimo<\/p>\n<p style=\"text-align: left;\"><strong>Porcentaje de extracto seco<\/strong>: min 45%<\/p>\n<p style=\"text-align: left;\"><strong>PH del producto terminado<\/strong>: 5.0 \u2013 5.5<\/p>\n<p style=\"text-align: left;\"><strong>Porcentaje de agua en materia no grasa<\/strong> (entre 8 y 15 d\u00edas desde la elaboraci\u00f3n): 66 a 72%<\/p>\n<p>[\/et_pb_text][\/et_pb_column][\/et_pb_row][et_pb_row _builder_version=&#8221;4.4.8&#8243;][et_pb_column type=&#8221;4_4&#8243; _builder_version=&#8221;4.4.8&#8243;][et_pb_text _builder_version=&#8221;4.4.8&#8243; text_font=&#8221;Century Gothic Bold||||||||&#8221; text_text_color=&#8221;#008a88&#8243; text_font_size=&#8221;40px&#8221;]<\/p>\n<p>Normas de etiquetado<\/p>\n<p>[\/et_pb_text][et_pb_text _builder_version=&#8221;4.4.8&#8243; text_font=&#8221;Century Gothic||||||||&#8221; text_line_height=&#8221;1.8em&#8221;]<\/p>\n<p>Los quesos con denominaci\u00f3n de origen protegida destinados al consumo ir\u00e1n provistos de una etiqueta o contraetiqueta numerada, expedida por el Consejo Regulador, que se deber\u00e1 colocar exclusivamente en las queser\u00edas inscritas autorizadas. En las etiquetas propias de cada elaborador que se utilicen en los quesos amparados, figurar\u00e1 obligatoriamente de forma destacada el nombre de esta denominaci\u00f3n de origen.<br \/>\nLos quesos protegidos solo podr\u00e1n ser expedidos por las queser\u00edas inscritas en piezas enteras y en los envases autorizados por el Consejo Regulador, a los efectos de salvaguardar la calidad del producto y su trazabilidad.<\/p>\n<p>Los Quesos Tetilla de peso superior a 0,7 kg se podr\u00e1n poner a la venta en libre disposici\u00f3n en mitades. En este caso, los quesos llevar\u00e1n desde la queser\u00eda dos contraetiquetas, una a cada lado del producto, y por duplicado tambi\u00e9n el resto de los elementos que garantizan la autenticidad del producto, de manera que, al realizar el corte, ambas mitades conserven los elementos de identificaci\u00f3n y de informaci\u00f3n al consumidor. Para los quesos que se dispongan a la venta en mitades, dado que la cara interior de cada una de las mitades resultantes se ver\u00e1 desprovista de la protecci\u00f3n natural del queso que constituye su corteza, se permitir\u00e1 recubrir las mitades con un film alimentario transparente. Esta operaci\u00f3n de corte se realizar\u00e1 en el establecimiento de venta al consumidor final, para as\u00ed reducir al m\u00ednimo el tiempo en el que el queso est\u00e1 provisto de este recubrimiento artificial que puede afectar negativamente a su calidad. El corte \u00fanicamente puede realizarse por mitades puesto que de esta manera el queso sigue conservando, en apariencia, la caracter\u00edstica forma de pecho femenino reconocible por el consumidor.<\/p>\n<p>El Queso Tetilla, cualquier que sea su peso, podr\u00e1 cortarse en las tiendas de venta al por menor, en cualquier proporci\u00f3n, cuando la operaci\u00f3n de corte se lleve a cabo ante el consumidor en el momento de la venta.<\/p>\n<p>[\/et_pb_text][\/et_pb_column][\/et_pb_row][\/et_pb_section]<\/p>\n<p style=\"text-align: left;\">\n","protected":false},"excerpt":{"rendered":"<p>ELABORANDO LA TRADICI\u00d3N La elaboraci\u00f3n del Queso Tetilla con Denominaci\u00f3n de Origen Protegida sigue los siguientes pasos: Orde\u00f1o: producto \u00edntegro, sin calostros, sin conservadores, sin inhibidores, sin medicamentos Granulometr\u00eda de un garbanzo\u00a0retirada de parte del suero liberado y, opcionalmente, lavado con agua para bajar la acidez de la cuajada hasta entre 4\u00ba y 6\u00ba Dornic [&hellip;]<\/p>\n","protected":false},"author":5,"featured_media":0,"parent":0,"menu_order":0,"comment_status":"closed","ping_status":"closed","template":"","meta":{"_et_pb_use_builder":"on","_et_pb_old_content":"","_et_gb_content_width":"","footnotes":""},"class_list":["post-945","page","type-page","status-publish","hentry"],"yoast_head":"<!-- This site is optimized with the Yoast SEO plugin v26.0 - https:\/\/yoast.com\/wordpress\/plugins\/seo\/ -->\n<title>Historia - Queixo Tetilla<\/title>\n<meta name=\"robots\" content=\"index, follow, max-snippet:-1, max-image-preview:large, max-video-preview:-1\" \/>\n<link rel=\"canonical\" href=\"https:\/\/queixotetilla.org\/gl\/historia\/\" \/>\n<meta property=\"og:locale\" content=\"gl_ES\" \/>\n<meta property=\"og:type\" content=\"article\" \/>\n<meta property=\"og:title\" content=\"Historia - Queixo Tetilla\" \/>\n<meta property=\"og:description\" content=\"ELABORANDO LA TRADICI\u00d3N La elaboraci\u00f3n del Queso Tetilla con Denominaci\u00f3n de Origen Protegida sigue los siguientes pasos: Orde\u00f1o: producto \u00edntegro, sin calostros, sin conservadores, sin inhibidores, sin medicamentos Granulometr\u00eda de un garbanzo\u00a0retirada de parte del suero liberado y, opcionalmente, lavado con agua para bajar la acidez de la cuajada hasta entre 4\u00ba y 6\u00ba Dornic [&hellip;]\" \/>\n<meta property=\"og:url\" content=\"https:\/\/queixotetilla.org\/gl\/historia\/\" \/>\n<meta property=\"og:site_name\" content=\"Queixo Tetilla\" \/>\n<meta property=\"article:modified_time\" content=\"2024-06-05T13:39:46+00:00\" \/>\n<meta name=\"twitter:card\" content=\"summary_large_image\" \/>\n<script type=\"application\/ld+json\" class=\"yoast-schema-graph\">{\"@context\":\"https:\/\/schema.org\",\"@graph\":[{\"@type\":\"WebPage\",\"@id\":\"https:\/\/queixotetilla.org\/gl\/historia\/\",\"url\":\"https:\/\/queixotetilla.org\/gl\/historia\/\",\"name\":\"Historia - Queixo Tetilla\",\"isPartOf\":{\"@id\":\"https:\/\/queixotetilla.org\/gl\/#website\"},\"datePublished\":\"2021-04-26T14:25:39+00:00\",\"dateModified\":\"2024-06-05T13:39:46+00:00\",\"breadcrumb\":{\"@id\":\"https:\/\/queixotetilla.org\/gl\/historia\/#breadcrumb\"},\"inLanguage\":\"gl-ES\",\"potentialAction\":[{\"@type\":\"ReadAction\",\"target\":[\"https:\/\/queixotetilla.org\/gl\/historia\/\"]}]},{\"@type\":\"BreadcrumbList\",\"@id\":\"https:\/\/queixotetilla.org\/gl\/historia\/#breadcrumb\",\"itemListElement\":[{\"@type\":\"ListItem\",\"position\":1,\"name\":\"Portada\",\"item\":\"https:\/\/queixotetilla.org\/gl\/\"},{\"@type\":\"ListItem\",\"position\":2,\"name\":\"Historia\"}]},{\"@type\":\"WebSite\",\"@id\":\"https:\/\/queixotetilla.org\/gl\/#website\",\"url\":\"https:\/\/queixotetilla.org\/gl\/\",\"name\":\"Queixo Tetilla\",\"description\":\"Denominaci\u00f3n de orixe protexida\",\"publisher\":{\"@id\":\"https:\/\/queixotetilla.org\/gl\/#organization\"},\"potentialAction\":[{\"@type\":\"SearchAction\",\"target\":{\"@type\":\"EntryPoint\",\"urlTemplate\":\"https:\/\/queixotetilla.org\/gl\/?s={search_term_string}\"},\"query-input\":{\"@type\":\"PropertyValueSpecification\",\"valueRequired\":true,\"valueName\":\"search_term_string\"}}],\"inLanguage\":\"gl-ES\"},{\"@type\":\"Organization\",\"@id\":\"https:\/\/queixotetilla.org\/gl\/#organization\",\"name\":\"Queixo Tetilla\",\"url\":\"https:\/\/queixotetilla.org\/gl\/\",\"logo\":{\"@type\":\"ImageObject\",\"inLanguage\":\"gl-ES\",\"@id\":\"https:\/\/queixotetilla.org\/gl\/#\/schema\/logo\/image\/\",\"url\":\"https:\/\/queixotetilla.org\/wp-content\/uploads\/2021\/08\/logo_web.png\",\"contentUrl\":\"https:\/\/queixotetilla.org\/wp-content\/uploads\/2021\/08\/logo_web.png\",\"width\":500,\"height\":451,\"caption\":\"Queixo Tetilla\"},\"image\":{\"@id\":\"https:\/\/queixotetilla.org\/gl\/#\/schema\/logo\/image\/\"}}]}<\/script>\n<!-- \/ Yoast SEO plugin. -->","yoast_head_json":{"title":"Historia - Queixo Tetilla","robots":{"index":"index","follow":"follow","max-snippet":"max-snippet:-1","max-image-preview":"max-image-preview:large","max-video-preview":"max-video-preview:-1"},"canonical":"https:\/\/queixotetilla.org\/gl\/historia\/","og_locale":"gl_ES","og_type":"article","og_title":"Historia - Queixo Tetilla","og_description":"ELABORANDO LA TRADICI\u00d3N La elaboraci\u00f3n del Queso Tetilla con Denominaci\u00f3n de Origen Protegida sigue los siguientes pasos: Orde\u00f1o: producto \u00edntegro, sin calostros, sin conservadores, sin inhibidores, sin medicamentos Granulometr\u00eda de un garbanzo\u00a0retirada de parte del suero liberado y, opcionalmente, lavado con agua para bajar la acidez de la cuajada hasta entre 4\u00ba y 6\u00ba Dornic [&hellip;]","og_url":"https:\/\/queixotetilla.org\/gl\/historia\/","og_site_name":"Queixo Tetilla","article_modified_time":"2024-06-05T13:39:46+00:00","twitter_card":"summary_large_image","schema":{"@context":"https:\/\/schema.org","@graph":[{"@type":"WebPage","@id":"https:\/\/queixotetilla.org\/gl\/historia\/","url":"https:\/\/queixotetilla.org\/gl\/historia\/","name":"Historia - Queixo Tetilla","isPartOf":{"@id":"https:\/\/queixotetilla.org\/gl\/#website"},"datePublished":"2021-04-26T14:25:39+00:00","dateModified":"2024-06-05T13:39:46+00:00","breadcrumb":{"@id":"https:\/\/queixotetilla.org\/gl\/historia\/#breadcrumb"},"inLanguage":"gl-ES","potentialAction":[{"@type":"ReadAction","target":["https:\/\/queixotetilla.org\/gl\/historia\/"]}]},{"@type":"BreadcrumbList","@id":"https:\/\/queixotetilla.org\/gl\/historia\/#breadcrumb","itemListElement":[{"@type":"ListItem","position":1,"name":"Portada","item":"https:\/\/queixotetilla.org\/gl\/"},{"@type":"ListItem","position":2,"name":"Historia"}]},{"@type":"WebSite","@id":"https:\/\/queixotetilla.org\/gl\/#website","url":"https:\/\/queixotetilla.org\/gl\/","name":"Queixo Tetilla","description":"Denominaci\u00f3n de orixe protexida","publisher":{"@id":"https:\/\/queixotetilla.org\/gl\/#organization"},"potentialAction":[{"@type":"SearchAction","target":{"@type":"EntryPoint","urlTemplate":"https:\/\/queixotetilla.org\/gl\/?s={search_term_string}"},"query-input":{"@type":"PropertyValueSpecification","valueRequired":true,"valueName":"search_term_string"}}],"inLanguage":"gl-ES"},{"@type":"Organization","@id":"https:\/\/queixotetilla.org\/gl\/#organization","name":"Queixo Tetilla","url":"https:\/\/queixotetilla.org\/gl\/","logo":{"@type":"ImageObject","inLanguage":"gl-ES","@id":"https:\/\/queixotetilla.org\/gl\/#\/schema\/logo\/image\/","url":"https:\/\/queixotetilla.org\/wp-content\/uploads\/2021\/08\/logo_web.png","contentUrl":"https:\/\/queixotetilla.org\/wp-content\/uploads\/2021\/08\/logo_web.png","width":500,"height":451,"caption":"Queixo Tetilla"},"image":{"@id":"https:\/\/queixotetilla.org\/gl\/#\/schema\/logo\/image\/"}}]}},"_links":{"self":[{"href":"https:\/\/queixotetilla.org\/gl\/wp-json\/wp\/v2\/pages\/945","targetHints":{"allow":["GET"]}}],"collection":[{"href":"https:\/\/queixotetilla.org\/gl\/wp-json\/wp\/v2\/pages"}],"about":[{"href":"https:\/\/queixotetilla.org\/gl\/wp-json\/wp\/v2\/types\/page"}],"author":[{"embeddable":true,"href":"https:\/\/queixotetilla.org\/gl\/wp-json\/wp\/v2\/users\/5"}],"replies":[{"embeddable":true,"href":"https:\/\/queixotetilla.org\/gl\/wp-json\/wp\/v2\/comments?post=945"}],"version-history":[{"count":0,"href":"https:\/\/queixotetilla.org\/gl\/wp-json\/wp\/v2\/pages\/945\/revisions"}],"wp:attachment":[{"href":"https:\/\/queixotetilla.org\/gl\/wp-json\/wp\/v2\/media?parent=945"}],"curies":[{"name":"wp","href":"https:\/\/api.w.org\/{rel}","templated":true}]}}