{"id":953,"date":"2021-07-27T12:29:36","date_gmt":"2021-07-27T12:29:36","guid":{"rendered":"https:\/\/queixotetilla.org\/?page_id=953"},"modified":"2024-06-05T13:39:47","modified_gmt":"2024-06-05T13:39:47","slug":"nuestros-elaboradores","status":"publish","type":"page","link":"https:\/\/queixotetilla.org\/gl\/nuestros-elaboradores\/","title":{"rendered":"Nuestros Elaboradores"},"content":{"rendered":"<p>[et_pb_section fb_built=&#8221;1&#8243; admin_label=&#8221;Services&#8221; _builder_version=&#8221;3.22&#8243; custom_padding=&#8221;2px|||||&#8221; locked=&#8221;off&#8221; global_colors_info=&#8221;{}&#8221;][et_pb_row use_custom_gutter=&#8221;on&#8221; gutter_width=&#8221;1&#8243; _builder_version=&#8221;4.4.8&#8243; background_enable_color=&#8221;off&#8221; background_image=&#8221;https:\/\/queixotetilla.org\/wp-content\/uploads\/2021\/08\/2.jpg&#8221; background_position=&#8221;center_right&#8221; width=&#8221;100%&#8221; max_width=&#8221;2560px&#8221; module_alignment=&#8221;center&#8221; custom_padding=&#8221;50px||50px||false|false&#8221; global_colors_info=&#8221;{}&#8221;][et_pb_column type=&#8221;4_4&#8243; _builder_version=&#8221;3.25&#8243; custom_padding=&#8221;|||&#8221; global_colors_info=&#8221;{}&#8221; custom_padding__hover=&#8221;|||&#8221;][et_pb_text _builder_version=&#8221;4.4.8&#8243; text_font=&#8221;Century Gothic Bold||||||||&#8221; text_text_color=&#8221;#ffffff&#8221; text_font_size=&#8221;45px&#8221; text_line_height=&#8221;1.2em&#8221; header_font=&#8221;||||||||&#8221; header_2_font=&#8221;Patua One|600|||||||&#8221; header_2_font_size=&#8221;36px&#8221; header_2_line_height=&#8221;1.4em&#8221; header_3_font=&#8221;||||||||&#8221; header_4_font=&#8221;Patua One|||on|||||&#8221; header_4_text_color=&#8221;#a06d51&#8243; header_4_font_size=&#8221;14px&#8221; header_4_letter_spacing=&#8221;1px&#8221; header_4_line_height=&#8221;1.4em&#8221; header_2_font_size_tablet=&#8221;26px&#8221; header_2_font_size_phone=&#8221;20px&#8221; header_2_font_size_last_edited=&#8221;on|phone&#8221; locked=&#8221;off&#8221; global_colors_info=&#8221;{}&#8221;]<\/p>\n<p style=\"text-align: center;\">NUESTROS ELABORADORES<\/p>\n<p>[\/et_pb_text][\/et_pb_column][\/et_pb_row][et_pb_row _builder_version=&#8221;4.4.8&#8243; max_width=&#8221;1200px&#8221; custom_padding=&#8221;45px|||||&#8221; global_colors_info=&#8221;{}&#8221;][et_pb_column type=&#8221;4_4&#8243; _builder_version=&#8221;4.4.8&#8243; global_colors_info=&#8221;{}&#8221;][et_pb_text _builder_version=&#8221;4.4.8&#8243; text_font=&#8221;Century Gothic||||||||&#8221; text_font_size=&#8221;15px&#8221; global_colors_info=&#8221;{}&#8221;]<\/p>\n<p style=\"text-align: center;\">Los elaboradores de Queso Tetilla est\u00e1n repartidos por todo el territorio de la Comunidad Aut\u00f3noma Gallega.<\/p>\n<p style=\"text-align: center;\">Selecciona un Productor de la lista para ver sus datos de contacto y su posici\u00f3n en el mapa.<\/p>\n<p>[\/et_pb_text][\/et_pb_column][\/et_pb_row][et_pb_row column_structure=&#8221;1_3,1_3,1_3&#8243; _builder_version=&#8221;4.4.8&#8243; global_colors_info=&#8221;{}&#8221;][et_pb_column type=&#8221;1_3&#8243; _builder_version=&#8221;4.4.8&#8243; global_colors_info=&#8221;{}&#8221;][\/et_pb_column][et_pb_column type=&#8221;1_3&#8243; _builder_version=&#8221;4.4.8&#8243; global_colors_info=&#8221;{}&#8221;][et_pb_accordion open_toggle_text_color=&#8221;#008a88&#8243; open_toggle_background_color=&#8221;#ffffff&#8221; closed_toggle_background_color=&#8221;#008a88&#8243; _builder_version=&#8221;4.4.8&#8243; toggle_text_color=&#8221;#ffffff&#8221; toggle_font=&#8221;Century Gothic Bold||||||||&#8221; global_colors_info=&#8221;{}&#8221;][et_pb_accordion_item title=&#8221;C.R.D.O.P. Queso Tetilla&#8221; open=&#8221;on&#8221; _builder_version=&#8221;4.4.8&#8243; global_colors_info=&#8221;{}&#8221;]Pazo de Qui\u00e1n \u2013 Sergude<br \/>\n15881 Boqueix\u00f3n ( A Coru\u00f1a )<br \/>\nTel\u00e9fono 981 511 751<br \/>\nE-Mail: info@queixotetilla.org[\/et_pb_accordion_item][\/et_pb_accordion][\/et_pb_column][et_pb_column type=&#8221;1_3&#8243; _builder_version=&#8221;4.4.8&#8243; global_colors_info=&#8221;{}&#8221;][\/et_pb_column][\/et_pb_row][et_pb_row column_structure=&#8221;1_2,1_2&#8243; _builder_version=&#8221;4.10.7&#8243; hover_enabled=&#8221;0&#8243; global_colors_info=&#8221;{}&#8221; sticky_enabled=&#8221;0&#8243;][et_pb_column type=&#8221;1_2&#8243; _builder_version=&#8221;4.4.8&#8243; global_colors_info=&#8221;{}&#8221;][et_pb_accordion open_toggle_text_color=&#8221;#008a88&#8243; open_toggle_background_color=&#8221;#ffffff&#8221; closed_toggle_background_color=&#8221;#008a88&#8243; icon_color=&#8221;#ffffff&#8221; _builder_version=&#8221;4.10.7&#8243; toggle_text_color=&#8221;#ffffff&#8221; toggle_font=&#8221;Century Gothic Bold||||||||&#8221; hover_enabled=&#8221;0&#8243; global_colors_info=&#8221;{}&#8221; sticky_enabled=&#8221;0&#8243;][et_pb_accordion_item title=&#8221;en blanco&#8221; _builder_version=&#8221;4.10.7&#8243; _module_preset=&#8221;default&#8221; sticky_enabled=&#8221;0&#8243; open=&#8221;off&#8221; custom_css_main_element=&#8221;display:none&#8221;][\/et_pb_accordion_item][et_pb_accordion_item title=&#8221;BO-QUEIXO&#8221; open=&#8221;off&#8221; _builder_version=&#8221;4.10.7&#8243; hover_enabled=&#8221;0&#8243; global_colors_info=&#8221;{}&#8221; sticky_enabled=&#8221;0&#8243;]<\/p>\n<p>Orto, n\u00ba2<br \/>\nTelf. 619 604 895<br \/>\n15881 BOQUEIX\u00d3N (A CORU\u00d1A)<br \/>\nDona ISABEL GARC\u00cdA COUTO<br \/>\ne-mail: boqueixoboqueixo@gmail.com<\/p>\n<p>[\/et_pb_accordion_item][et_pb_accordion_item title=&#8221;COBIDEZA, S.C.G.&#8221; _builder_version=&#8221;4.10.7&#8243; _module_preset=&#8221;default&#8221; global_colors_info=&#8221;{}&#8221; open=&#8221;on&#8221;]<\/p>\n<p>Pol\u00edgono Industrial de Agolada, P-6 Telf.: 986 580 473 36520 AGOLADA (PONTEVEDRA) Don RON\u00c1N SANTALLA AGRA e-mail: queixeria@cobideza.es<\/p>\n<p>[\/et_pb_accordion_item][et_pb_accordion_item title=&#8221;COOP. DO CAMPO DA CAPELA, S.C.G.&#8221; _builder_version=&#8221;4.10.7&#8243; _module_preset=&#8221;default&#8221; global_colors_info=&#8221;{}&#8221; open=&#8221;off&#8221;]<\/p>\n<p>Calzados, 8 Telf. 981 459 028 15613 A CAPELA (A CORU\u00d1A) Don DOMINGO FRASCISCO SOUTO CASAL e-mail: pedidos@coopcapela.com<\/p>\n<p>[\/et_pb_accordion_item][et_pb_accordion_item title=&#8221;CRISANTO S.A.T. 1306 XUGA&#8221; _builder_version=&#8221;4.10.7&#8243; _module_preset=&#8221;default&#8221; global_colors_info=&#8221;{}&#8221; open=&#8221;off&#8221;]<\/p>\n<p>Moreda \u2013 Lanzos Telf. y Fax: 982 525 637 27816 VILALBA (LUGO) Don CRISANTO CUBA CEND\u00c1N e-mail: crisantosat@hotmail.com<\/p>\n<p>[\/et_pb_accordion_item][et_pb_accordion_item title=&#8221;HOXE, S.C.G.&#8221; _builder_version=&#8221;4.10.7&#8243; _module_preset=&#8221;default&#8221; global_colors_info=&#8221;{}&#8221; open=&#8221;off&#8221;]<\/p>\n<p>Borralla, 34 Telf. 986 580 100 Fax 986 592 504 36512 LALIN (PONTEVEDRA) Don JOS\u00c9 ANDI\u00d3N CACHAFEIRO e-mail: info@hoxe.es<\/p>\n<p>[\/et_pb_accordion_item][et_pb_accordion_item title=&#8221;LACTEOS ANZUXAO, S.L&#8221; _builder_version=&#8221;4.10.7&#8243; _module_preset=&#8221;default&#8221; global_colors_info=&#8221;{}&#8221; open=&#8221;off&#8221;]<\/p>\n<p>Lugar Anzuxao \u2013 Madri\u00f1\u00e1n Telf. 986 794 135 Fax 986 794 143 36512 LAL\u00cdN (PONTEVEDRA) Don JAVIER SAMAPAYO MEN\u00c9NDEZ e-mail: info@lacteosanzuxao.com<\/p>\n<p>[\/et_pb_accordion_item][et_pb_accordion_item title=&#8221;L\u00c1CTEOS FARELO, S.L&#8221; _builder_version=&#8221;4.10.7&#8243; _module_preset=&#8221;default&#8221; global_colors_info=&#8221;{}&#8221; open=&#8221;off&#8221;]<\/p>\n<p>Romariz Telf.: 986 788 157 Fax: 986 788 315 36520 AGOLADA (PONTEVEDRA) Don JOS\u00c9 LU\u00cdS DI\u00c9GUEZ e-mail: lacteosfarelo@yahoo.es<\/p>\n<p>[\/et_pb_accordion_item][et_pb_accordion_item title=&#8221;L\u00c1CTEOS FERRADO VERDE&#8221; _builder_version=&#8221;4.10.7&#8243; _module_preset=&#8221;default&#8221; global_colors_info=&#8221;{}&#8221; open=&#8221;off&#8221;]<\/p>\n<p>A Pereira Telf. 981 896 700 Fax 981 896 712 15840 SANTA COMBA (A CORU\u00d1A) Don RAM\u00d3N MAD\u00cdA CHAO e-mail: facturacion.fv@grupotgt.es<\/p>\n<p>[\/et_pb_accordion_item][et_pb_accordion_item title=&#8221;L\u00c1CTEOS O CASAL, S.L&#8221; _builder_version=&#8221;4.10.7&#8243; _module_preset=&#8221;default&#8221; global_colors_info=&#8221;{}&#8221; open=&#8221;off&#8221;]<\/p>\n<p>O Freixo n\u00ba 5 Telf. 981 490 329 Fax 981 490 201 15562 SAN SADURNI\u00d1O (A CORU\u00d1A) Don V\u00cdCTOR GRA\u00d1A COBELO e-mail: administracion@lacteoscasal.es<\/p>\n<p>[\/et_pb_accordion_item][et_pb_accordion_item title=&#8221;L\u00c1CTEOS TERRA DE MELIDE, S.L&#8221; _builder_version=&#8221;4.10.7&#8243; _module_preset=&#8221;default&#8221;]<\/p>\n<p>Salgueiros, 1 Telf. 981 808 009 Fax 981 193 531 OROIS \u2013 SALGUEIROS (A CORU\u00d1A) Don SALVADOR CARREIRA G\u00d3MEZ e-mail: terrademelide@deza.com<\/p>\n<p>[\/et_pb_accordion_item][et_pb_accordion_item title=&#8221;LEITIGAL, S.L&#8221; _builder_version=&#8221;4.10.7&#8243; _module_preset=&#8221;default&#8221; hover_enabled=&#8221;0&#8243; sticky_enabled=&#8221;0&#8243;]<\/p>\n<p>Pol. Ind. Castro de Riberas de Lea, P-50 Telf. 982 310 505 Fax 982 311 031 27260 CASTRO DE REY (LUGO) Don ANDR\u00c9S VERDES GONZ\u00c1LEZ e-mail: info@leitigal.com<\/p>\n<p>[\/et_pb_accordion_item][\/et_pb_accordion][\/et_pb_column][et_pb_column type=&#8221;1_2&#8243; _builder_version=&#8221;4.4.8&#8243; global_colors_info=&#8221;{}&#8221;][et_pb_accordion open_toggle_text_color=&#8221;#008a88&#8243; open_toggle_background_color=&#8221;#ffffff&#8221; closed_toggle_background_color=&#8221;#008a88&#8243; icon_color=&#8221;#ffffff&#8221; _builder_version=&#8221;4.10.7&#8243; toggle_text_color=&#8221;#ffffff&#8221; toggle_font=&#8221;Century Gothic Bold||||||||&#8221; global_colors_info=&#8221;{}&#8221;][et_pb_accordion_item title=&#8221;en blanco&#8221; open=&#8221;on&#8221; _builder_version=&#8221;4.10.7&#8243; hover_enabled=&#8221;0&#8243; custom_css_main_element=&#8221;display:none&#8221; global_colors_info=&#8221;{}&#8221; sticky_enabled=&#8221;0&#8243;][\/et_pb_accordion_item][et_pb_accordion_item title=&#8221;O BREXEO DE GRIXALBA, S.L.&#8221; _builder_version=&#8221;4.10.7&#8243; _module_preset=&#8221;default&#8221; global_colors_info=&#8221;{}&#8221; open=&#8221;off&#8221;]<\/p>\n<p>Casal de Abaixo, Grixalba \u2013 Sobrado Telf. 981 195 242 Fax 881 060 501 15815 SOBRADO DOS MONXES (A CORU\u00d1A) Don ANGEL MART\u00cdNEZ FIDALGO e-mail: gerencia@queseriabrexeo.es<\/p>\n<p>[\/et_pb_accordion_item][et_pb_accordion_item title=&#8221;POK QUESERA, S.L.&#8221; _builder_version=&#8221;4.10.7&#8243; _module_preset=&#8221;default&#8221; global_colors_info=&#8221;{}&#8221; open=&#8221;off&#8221;]<\/p>\n<p>Parque Empresarial, parcelas 3 a 21 Telf. 607 505 046 27200 PALAS DE REY (LUGO) Don IGNACIO NOVOA L\u00d3PEZ e-mail: inovoa@garciabaquero.com<\/p>\n<p>[\/et_pb_accordion_item][et_pb_accordion_item title=&#8221;QUEINAGA S.A.T. 871 \u2013 XUGA&#8221; _builder_version=&#8221;4.10.7&#8243; _module_preset=&#8221;default&#8221; global_colors_info=&#8221;{}&#8221; open=&#8221;off&#8221;]<\/p>\n<p>R\u00faa Campa, s\/n Telf. 981 787 036 Fax 981 777 153 Don LU\u00cdS LAMAS e-mail: queinaga@queinaga.es<\/p>\n<p>[\/et_pb_accordion_item][et_pb_accordion_item title=&#8221;QUEIXER\u00cdA BARRAL, S.L&#8221; _builder_version=&#8221;4.10.7&#8243; _module_preset=&#8221;default&#8221; global_colors_info=&#8221;{}&#8221; open=&#8221;off&#8221;]<\/p>\n<p>La Riva-Panti\u00f1obre, 6 Telf. 981 500 928 Fax 981 108 002 15819 ARZUA (A CORU\u00d1A) Don JUAN CARLOS BARRAL CAMBA e-mail: cristina@queixosbarral.com<\/p>\n<p>[\/et_pb_accordion_item][et_pb_accordion_item title=&#8221;QUEIXER\u00cdA DANIBERTO S.A.T. 1221 XUGA&#8221; _builder_version=&#8221;4.10.7&#8243; _module_preset=&#8221;default&#8221; global_colors_info=&#8221;{}&#8221; open=&#8221;off&#8221;]<\/p>\n<p>Pude, 2 \u2013 San Sim\u00f3n da Costa Telf. y Fax: 982 525 842 27815 VILALBA (LUGO) Don DANIEL P\u00c9REZ P\u00c9REZ e-mail: danibertosat@hotmail.com<\/p>\n<p>[\/et_pb_accordion_item][et_pb_accordion_item title=&#8221;QUEIXER\u00cdA PRESTES, S.L&#8221; _builder_version=&#8221;4.10.7&#8243; _module_preset=&#8221;default&#8221; global_colors_info=&#8221;{}&#8221; open=&#8221;off&#8221;]<\/p>\n<p>Pol\u00edgono Industrial Sete Pontes, P 49-50 Telf. 982 525 757 Fax 982 512 898 27815 VILALBA (LUGO) Don MAIKEL FERN\u00c1NDEZ CUBA e-mail: info@quesosprestes.com<\/p>\n<p>[\/et_pb_accordion_item][et_pb_accordion_item title=&#8221;QUEIZUAR, S.L&#8221; _builder_version=&#8221;4.10.7&#8243; _module_preset=&#8221;default&#8221; global_colors_info=&#8221;{}&#8221; open=&#8221;off&#8221;]<\/p>\n<p>Bama, s\/n Telf. 981 504 111 Fax 981 517 379 15822 TOURO (A CORU\u00d1A) Don BENIGNO PEREIRA RAMOS e-mail: qbama@qbama.es<\/p>\n<p>[\/et_pb_accordion_item][et_pb_accordion_item title=&#8221;QUESER\u00cdAS DEL EUME, S.L.&#8221; _builder_version=&#8221;4.10.7&#8243; _module_preset=&#8221;default&#8221; global_colors_info=&#8221;{}&#8221; open=&#8221;off&#8221;]<\/p>\n<p>A Faeira, s\/n Telf.: 981 445 415 15325 AS PONTES (A CORU\u00d1A) Do\u00f1a Ana Isabel Prieto D\u00edaz e-mail: ana@queseriasdeleume.com<\/p>\n<p>[\/et_pb_accordion_item][et_pb_accordion_item title=&#8221;QUESER\u00cdAS PRADO, S.L.&#8221; _builder_version=&#8221;4.10.7&#8243; _module_preset=&#8221;default&#8221; hover_enabled=&#8221;0&#8243; sticky_enabled=&#8221;0&#8243; open=&#8221;off&#8221;]<\/p>\n<p>Pol\u00edgono Industrial Reboredo, 17-18 Telf. 982 416 060 Fax 982 416 266 27400 MONFORTE DE LEMOS (LUGO) Don JOAQU\u00cdN GARRIDO MART\u00cdN e-mail: administracion@queseriasprado.com<\/p>\n<p>[\/et_pb_accordion_item][et_pb_accordion_item title=&#8221;QUESOS DE LA MONTA\u00d1A DE ENTRIMO&#8221; _builder_version=&#8221;4.10.7&#8243; _module_preset=&#8221;default&#8221; hover_enabled=&#8221;0&#8243; sticky_enabled=&#8221;0&#8243; open=&#8221;off&#8221;]<\/p>\n<p>Lamas Ferreiros Telf.: 988 434 615 32860 ENTRIMO (OURENSE) Dona MANUELA GONZ\u00c1LEZ GONZ\u00c1LEZ e-mail: queixosentrimo@gmail.com<\/p>\n<p>[\/et_pb_accordion_item][et_pb_accordion_item title=&#8221;QUESOS FEIJOO, S.L.&#8221; _builder_version=&#8221;4.10.7&#8243; _module_preset=&#8221;default&#8221; open=&#8221;off&#8221; hover_enabled=&#8221;0&#8243; sticky_enabled=&#8221;0&#8243;]<\/p>\n<p>Acebedo del R\u00edo \u2013 Outeiro, 3 Telf. y Fax: 988 431 045 32815 CELANOVA (OURENSE) Don JULIO JOS\u00c9 ALONSO FEIJOO e-mail: quesos_feijoo@hotmail.com<\/p>\n<p>[\/et_pb_accordion_item][\/et_pb_accordion][\/et_pb_column][\/et_pb_row][\/et_pb_section]<\/p>\n","protected":false},"excerpt":{"rendered":"<p>NUESTROS ELABORADORES Los elaboradores de Queso Tetilla est\u00e1n repartidos por todo el territorio de la Comunidad Aut\u00f3noma Gallega. Selecciona un Productor de la lista para ver sus datos de contacto y su posici\u00f3n en el mapa. Pazo de Qui\u00e1n \u2013 Sergude 15881 Boqueix\u00f3n ( A Coru\u00f1a ) Tel\u00e9fono 981 511 751 E-Mail: info@queixotetilla.org Orto, n\u00ba2 [&hellip;]<\/p>\n","protected":false},"author":5,"featured_media":0,"parent":0,"menu_order":0,"comment_status":"closed","ping_status":"closed","template":"","meta":{"_et_pb_use_builder":"on","_et_pb_old_content":"","_et_gb_content_width":"","footnotes":""},"class_list":["post-953","page","type-page","status-publish","hentry"],"yoast_head":"<!-- This site is optimized with the Yoast SEO plugin v26.0 - https:\/\/yoast.com\/wordpress\/plugins\/seo\/ -->\n<title>Nuestros Elaboradores - Queixo Tetilla<\/title>\n<meta name=\"robots\" content=\"index, follow, max-snippet:-1, max-image-preview:large, max-video-preview:-1\" \/>\n<link rel=\"canonical\" href=\"https:\/\/queixotetilla.org\/gl\/nuestros-elaboradores\/\" \/>\n<meta property=\"og:locale\" content=\"gl_ES\" \/>\n<meta property=\"og:type\" content=\"article\" \/>\n<meta property=\"og:title\" content=\"Nuestros Elaboradores - Queixo Tetilla\" \/>\n<meta property=\"og:description\" content=\"NUESTROS ELABORADORES Los elaboradores de Queso Tetilla est\u00e1n repartidos por todo el territorio de la Comunidad Aut\u00f3noma Gallega. Selecciona un Productor de la lista para ver sus datos de contacto y su posici\u00f3n en el mapa. Pazo de Qui\u00e1n \u2013 Sergude 15881 Boqueix\u00f3n ( A Coru\u00f1a ) Tel\u00e9fono 981 511 751 E-Mail: info@queixotetilla.org Orto, n\u00ba2 [&hellip;]\" \/>\n<meta property=\"og:url\" content=\"https:\/\/queixotetilla.org\/gl\/nuestros-elaboradores\/\" \/>\n<meta property=\"og:site_name\" content=\"Queixo Tetilla\" \/>\n<meta property=\"article:modified_time\" content=\"2024-06-05T13:39:47+00:00\" \/>\n<meta name=\"twitter:card\" content=\"summary_large_image\" \/>\n<script type=\"application\/ld+json\" class=\"yoast-schema-graph\">{\"@context\":\"https:\/\/schema.org\",\"@graph\":[{\"@type\":\"WebPage\",\"@id\":\"https:\/\/queixotetilla.org\/gl\/nuestros-elaboradores\/\",\"url\":\"https:\/\/queixotetilla.org\/gl\/nuestros-elaboradores\/\",\"name\":\"Nuestros Elaboradores - Queixo Tetilla\",\"isPartOf\":{\"@id\":\"https:\/\/queixotetilla.org\/gl\/#website\"},\"datePublished\":\"2021-07-27T12:29:36+00:00\",\"dateModified\":\"2024-06-05T13:39:47+00:00\",\"breadcrumb\":{\"@id\":\"https:\/\/queixotetilla.org\/gl\/nuestros-elaboradores\/#breadcrumb\"},\"inLanguage\":\"gl-ES\",\"potentialAction\":[{\"@type\":\"ReadAction\",\"target\":[\"https:\/\/queixotetilla.org\/gl\/nuestros-elaboradores\/\"]}]},{\"@type\":\"BreadcrumbList\",\"@id\":\"https:\/\/queixotetilla.org\/gl\/nuestros-elaboradores\/#breadcrumb\",\"itemListElement\":[{\"@type\":\"ListItem\",\"position\":1,\"name\":\"Portada\",\"item\":\"https:\/\/queixotetilla.org\/gl\/\"},{\"@type\":\"ListItem\",\"position\":2,\"name\":\"Nuestros Elaboradores\"}]},{\"@type\":\"WebSite\",\"@id\":\"https:\/\/queixotetilla.org\/gl\/#website\",\"url\":\"https:\/\/queixotetilla.org\/gl\/\",\"name\":\"Queixo Tetilla\",\"description\":\"Denominaci\u00f3n de orixe protexida\",\"publisher\":{\"@id\":\"https:\/\/queixotetilla.org\/gl\/#organization\"},\"potentialAction\":[{\"@type\":\"SearchAction\",\"target\":{\"@type\":\"EntryPoint\",\"urlTemplate\":\"https:\/\/queixotetilla.org\/gl\/?s={search_term_string}\"},\"query-input\":{\"@type\":\"PropertyValueSpecification\",\"valueRequired\":true,\"valueName\":\"search_term_string\"}}],\"inLanguage\":\"gl-ES\"},{\"@type\":\"Organization\",\"@id\":\"https:\/\/queixotetilla.org\/gl\/#organization\",\"name\":\"Queixo Tetilla\",\"url\":\"https:\/\/queixotetilla.org\/gl\/\",\"logo\":{\"@type\":\"ImageObject\",\"inLanguage\":\"gl-ES\",\"@id\":\"https:\/\/queixotetilla.org\/gl\/#\/schema\/logo\/image\/\",\"url\":\"https:\/\/queixotetilla.org\/wp-content\/uploads\/2021\/08\/logo_web.png\",\"contentUrl\":\"https:\/\/queixotetilla.org\/wp-content\/uploads\/2021\/08\/logo_web.png\",\"width\":500,\"height\":451,\"caption\":\"Queixo Tetilla\"},\"image\":{\"@id\":\"https:\/\/queixotetilla.org\/gl\/#\/schema\/logo\/image\/\"}}]}<\/script>\n<!-- \/ Yoast SEO plugin. -->","yoast_head_json":{"title":"Nuestros Elaboradores - Queixo Tetilla","robots":{"index":"index","follow":"follow","max-snippet":"max-snippet:-1","max-image-preview":"max-image-preview:large","max-video-preview":"max-video-preview:-1"},"canonical":"https:\/\/queixotetilla.org\/gl\/nuestros-elaboradores\/","og_locale":"gl_ES","og_type":"article","og_title":"Nuestros Elaboradores - Queixo Tetilla","og_description":"NUESTROS ELABORADORES Los elaboradores de Queso Tetilla est\u00e1n repartidos por todo el territorio de la Comunidad Aut\u00f3noma Gallega. Selecciona un Productor de la lista para ver sus datos de contacto y su posici\u00f3n en el mapa. Pazo de Qui\u00e1n \u2013 Sergude 15881 Boqueix\u00f3n ( A Coru\u00f1a ) Tel\u00e9fono 981 511 751 E-Mail: info@queixotetilla.org Orto, n\u00ba2 [&hellip;]","og_url":"https:\/\/queixotetilla.org\/gl\/nuestros-elaboradores\/","og_site_name":"Queixo Tetilla","article_modified_time":"2024-06-05T13:39:47+00:00","twitter_card":"summary_large_image","schema":{"@context":"https:\/\/schema.org","@graph":[{"@type":"WebPage","@id":"https:\/\/queixotetilla.org\/gl\/nuestros-elaboradores\/","url":"https:\/\/queixotetilla.org\/gl\/nuestros-elaboradores\/","name":"Nuestros Elaboradores - Queixo Tetilla","isPartOf":{"@id":"https:\/\/queixotetilla.org\/gl\/#website"},"datePublished":"2021-07-27T12:29:36+00:00","dateModified":"2024-06-05T13:39:47+00:00","breadcrumb":{"@id":"https:\/\/queixotetilla.org\/gl\/nuestros-elaboradores\/#breadcrumb"},"inLanguage":"gl-ES","potentialAction":[{"@type":"ReadAction","target":["https:\/\/queixotetilla.org\/gl\/nuestros-elaboradores\/"]}]},{"@type":"BreadcrumbList","@id":"https:\/\/queixotetilla.org\/gl\/nuestros-elaboradores\/#breadcrumb","itemListElement":[{"@type":"ListItem","position":1,"name":"Portada","item":"https:\/\/queixotetilla.org\/gl\/"},{"@type":"ListItem","position":2,"name":"Nuestros Elaboradores"}]},{"@type":"WebSite","@id":"https:\/\/queixotetilla.org\/gl\/#website","url":"https:\/\/queixotetilla.org\/gl\/","name":"Queixo Tetilla","description":"Denominaci\u00f3n de orixe protexida","publisher":{"@id":"https:\/\/queixotetilla.org\/gl\/#organization"},"potentialAction":[{"@type":"SearchAction","target":{"@type":"EntryPoint","urlTemplate":"https:\/\/queixotetilla.org\/gl\/?s={search_term_string}"},"query-input":{"@type":"PropertyValueSpecification","valueRequired":true,"valueName":"search_term_string"}}],"inLanguage":"gl-ES"},{"@type":"Organization","@id":"https:\/\/queixotetilla.org\/gl\/#organization","name":"Queixo Tetilla","url":"https:\/\/queixotetilla.org\/gl\/","logo":{"@type":"ImageObject","inLanguage":"gl-ES","@id":"https:\/\/queixotetilla.org\/gl\/#\/schema\/logo\/image\/","url":"https:\/\/queixotetilla.org\/wp-content\/uploads\/2021\/08\/logo_web.png","contentUrl":"https:\/\/queixotetilla.org\/wp-content\/uploads\/2021\/08\/logo_web.png","width":500,"height":451,"caption":"Queixo Tetilla"},"image":{"@id":"https:\/\/queixotetilla.org\/gl\/#\/schema\/logo\/image\/"}}]}},"_links":{"self":[{"href":"https:\/\/queixotetilla.org\/gl\/wp-json\/wp\/v2\/pages\/953","targetHints":{"allow":["GET"]}}],"collection":[{"href":"https:\/\/queixotetilla.org\/gl\/wp-json\/wp\/v2\/pages"}],"about":[{"href":"https:\/\/queixotetilla.org\/gl\/wp-json\/wp\/v2\/types\/page"}],"author":[{"embeddable":true,"href":"https:\/\/queixotetilla.org\/gl\/wp-json\/wp\/v2\/users\/5"}],"replies":[{"embeddable":true,"href":"https:\/\/queixotetilla.org\/gl\/wp-json\/wp\/v2\/comments?post=953"}],"version-history":[{"count":0,"href":"https:\/\/queixotetilla.org\/gl\/wp-json\/wp\/v2\/pages\/953\/revisions"}],"wp:attachment":[{"href":"https:\/\/queixotetilla.org\/gl\/wp-json\/wp\/v2\/media?parent=953"}],"curies":[{"name":"wp","href":"https:\/\/api.w.org\/{rel}","templated":true}]}}