{"id":965,"date":"2021-08-02T12:50:25","date_gmt":"2021-08-02T12:50:25","guid":{"rendered":"https:\/\/queixotetilla.org\/?page_id=965"},"modified":"2024-06-05T13:39:47","modified_gmt":"2024-06-05T13:39:47","slug":"restaurantes-amigos","status":"publish","type":"page","link":"https:\/\/queixotetilla.org\/gl\/restaurantes-amigos\/","title":{"rendered":"Restaurantes amigos"},"content":{"rendered":"<p>[et_pb_section fb_built=&#8221;1&#8243; admin_label=&#8221;Services&#8221; _builder_version=&#8221;3.22&#8243; custom_padding=&#8221;2px||4px|||&#8221; locked=&#8221;off&#8221;][et_pb_row use_custom_gutter=&#8221;on&#8221; gutter_width=&#8221;1&#8243; _builder_version=&#8221;4.4.8&#8243; background_color=&#8221;#008a88&#8243; width=&#8221;100%&#8221; max_width=&#8221;2560px&#8221; module_alignment=&#8221;center&#8221; custom_padding=&#8221;50px||50px||false|false&#8221;][et_pb_column type=&#8221;4_4&#8243; _builder_version=&#8221;3.25&#8243; custom_padding=&#8221;|||&#8221; custom_padding__hover=&#8221;|||&#8221;][et_pb_text _builder_version=&#8221;4.4.8&#8243; text_font=&#8221;Century Gothic Bold||||||||&#8221; text_text_color=&#8221;#ffffff&#8221; text_font_size=&#8221;45px&#8221; text_line_height=&#8221;1.2em&#8221; header_font=&#8221;||||||||&#8221; header_2_font=&#8221;Patua One|600|||||||&#8221; header_2_font_size=&#8221;36px&#8221; header_2_line_height=&#8221;1.4em&#8221; header_3_font=&#8221;||||||||&#8221; header_4_font=&#8221;Patua One|||on|||||&#8221; header_4_text_color=&#8221;#a06d51&#8243; header_4_font_size=&#8221;14px&#8221; header_4_letter_spacing=&#8221;1px&#8221; header_4_line_height=&#8221;1.4em&#8221; header_2_font_size_tablet=&#8221;26px&#8221; header_2_font_size_phone=&#8221;20px&#8221; header_2_font_size_last_edited=&#8221;on|phone&#8221; locked=&#8221;off&#8221;]<\/p>\n<p style=\"text-align: center;\">RESTAURANTES AMIGOS<\/p>\n<p>[\/et_pb_text][\/et_pb_column][\/et_pb_row][et_pb_row _builder_version=&#8221;4.4.8&#8243; custom_padding=&#8221;70px||0px|||&#8221;][et_pb_column type=&#8221;4_4&#8243; _builder_version=&#8221;4.4.8&#8243;][et_pb_text _builder_version=&#8221;4.4.8&#8243; text_font=&#8221;Century Gothic Bold||||||||&#8221; text_font_size=&#8221;30px&#8221; text_line_height=&#8221;1.2em&#8221; header_font=&#8221;||||||||&#8221; header_2_font=&#8221;Patua One|600|||||||&#8221; header_2_font_size=&#8221;36px&#8221; header_2_line_height=&#8221;1.4em&#8221; header_3_font=&#8221;||||||||&#8221; header_4_font=&#8221;Patua One|||on|||||&#8221; header_4_text_color=&#8221;#a06d51&#8243; header_4_font_size=&#8221;14px&#8221; header_4_letter_spacing=&#8221;1px&#8221; header_4_line_height=&#8221;1.4em&#8221; custom_margin=&#8221;||1px|||&#8221; custom_padding=&#8221;6px||16px|||&#8221; header_2_font_size_tablet=&#8221;26px&#8221; header_2_font_size_phone=&#8221;20px&#8221; header_2_font_size_last_edited=&#8221;on|phone&#8221; locked=&#8221;off&#8221;]QUIERES COCINAR COMO LOS MEJORES RESTAURANTES DE GALICIA?[\/et_pb_text][et_pb_divider color=&#8221;#008a88&#8243; divider_weight=&#8221;4px&#8221; disabled_on=&#8221;on|on|off&#8221; _builder_version=&#8221;4.4.8&#8243; background_size=&#8221;initial&#8221; background_position=&#8221;top_left&#8221; background_repeat=&#8221;repeat&#8221; max_width=&#8221;40px&#8221; module_alignment=&#8221;left&#8221; custom_margin=&#8221;||10px|&#8221; animation_style=&#8221;zoom&#8221; animation_direction=&#8221;left&#8221; saved_tabs=&#8221;all&#8221; locked=&#8221;off&#8221;][\/et_pb_divider][\/et_pb_column][\/et_pb_row][et_pb_row _builder_version=&#8221;4.4.8&#8243; custom_margin=&#8221;||100px||false|false&#8221; custom_padding=&#8221;4px||3px|||&#8221; hover_enabled=&#8221;0&#8243;][et_pb_column type=&#8221;4_4&#8243; _builder_version=&#8221;4.4.8&#8243;][et_pb_text _builder_version=&#8221;4.4.8&#8243; text_font=&#8221;Century Gothic||||||||&#8221; text_line_height=&#8221;2em&#8221; header_font=&#8221;Century Gothic Bold||||||||&#8221; header_text_color=&#8221;#008a88&#8243; header_font_size=&#8221;24px&#8221; header_2_font=&#8221;Patua One|600|||||||&#8221; header_2_line_height=&#8221;1.4em&#8221; header_3_font=&#8221;||||||||&#8221; header_4_font=&#8221;Patua One|||on|||||&#8221; header_4_text_color=&#8221;#a06d51&#8243; header_4_font_size=&#8221;14px&#8221; header_4_letter_spacing=&#8221;1px&#8221; header_4_line_height=&#8221;1.4em&#8221; custom_margin=&#8221;||56px|||&#8221; locked=&#8221;off&#8221;]<\/p>\n<h1>Disfruta de las recetas de los mejores restaurantes de Galicia elaboradas con Queso Tetilla<\/h1>\n<p>Aqu\u00ed te presentamos una selecci\u00f3n \u00fanica de recetas elaboradas con Queso Tetilla. Son recetas de consagrados cocineros de los mejores restaurantes de Galicia. Te recomendamos visitar los restaurantes y probarlas, y despu\u00e9s elaborarla en tu casa, para sacar el Gran chef que llevas dentro. An\u00edmate, te sorprender\u00e1s del resultado.[\/et_pb_text][et_pb_portfolio fullwidth=&#8221;off&#8221; posts_number=&#8221;5&#8243; include_categories=&#8221;16&#8243; show_categories=&#8221;off&#8221; _builder_version=&#8221;4.4.8&#8243; title_font=&#8221;Century Gothic Bold||||||||&#8221; title_text_color=&#8221;#008a88&#8243; title_font_size=&#8221;18px&#8221; title_line_height=&#8221;1.2em&#8221;][\/et_pb_portfolio][\/et_pb_column][\/et_pb_row][\/et_pb_section]<\/p>\n","protected":false},"excerpt":{"rendered":"<p>RESTAURANTES AMIGOS QUIERES COCINAR COMO LOS MEJORES RESTAURANTES DE GALICIA? Disfruta de las recetas de los mejores restaurantes de Galicia elaboradas con Queso Tetilla Aqu\u00ed te presentamos una selecci\u00f3n \u00fanica de recetas elaboradas con Queso Tetilla. Son recetas de consagrados cocineros de los mejores restaurantes de Galicia. Te recomendamos visitar los restaurantes y probarlas, y [&hellip;]<\/p>\n","protected":false},"author":5,"featured_media":0,"parent":0,"menu_order":0,"comment_status":"closed","ping_status":"closed","template":"","meta":{"_et_pb_use_builder":"on","_et_pb_old_content":"","_et_gb_content_width":"","footnotes":""},"class_list":["post-965","page","type-page","status-publish","hentry"],"yoast_head":"<!-- This site is optimized with the Yoast SEO plugin v26.0 - https:\/\/yoast.com\/wordpress\/plugins\/seo\/ -->\n<title>Restaurantes amigos - Queixo Tetilla<\/title>\n<meta name=\"robots\" content=\"index, follow, max-snippet:-1, max-image-preview:large, max-video-preview:-1\" \/>\n<link rel=\"canonical\" href=\"https:\/\/queixotetilla.org\/gl\/restaurantes-amigos\/\" \/>\n<meta property=\"og:locale\" content=\"gl_ES\" \/>\n<meta property=\"og:type\" content=\"article\" \/>\n<meta property=\"og:title\" content=\"Restaurantes amigos - Queixo Tetilla\" \/>\n<meta property=\"og:description\" content=\"RESTAURANTES AMIGOS QUIERES COCINAR COMO LOS MEJORES RESTAURANTES DE GALICIA? Disfruta de las recetas de los mejores restaurantes de Galicia elaboradas con Queso Tetilla Aqu\u00ed te presentamos una selecci\u00f3n \u00fanica de recetas elaboradas con Queso Tetilla. Son recetas de consagrados cocineros de los mejores restaurantes de Galicia. Te recomendamos visitar los restaurantes y probarlas, y [&hellip;]\" \/>\n<meta property=\"og:url\" content=\"https:\/\/queixotetilla.org\/gl\/restaurantes-amigos\/\" \/>\n<meta property=\"og:site_name\" content=\"Queixo Tetilla\" \/>\n<meta property=\"article:modified_time\" content=\"2024-06-05T13:39:47+00:00\" \/>\n<meta name=\"twitter:card\" content=\"summary_large_image\" \/>\n<script type=\"application\/ld+json\" class=\"yoast-schema-graph\">{\"@context\":\"https:\/\/schema.org\",\"@graph\":[{\"@type\":\"WebPage\",\"@id\":\"https:\/\/queixotetilla.org\/gl\/restaurantes-amigos\/\",\"url\":\"https:\/\/queixotetilla.org\/gl\/restaurantes-amigos\/\",\"name\":\"Restaurantes amigos - Queixo Tetilla\",\"isPartOf\":{\"@id\":\"https:\/\/queixotetilla.org\/gl\/#website\"},\"datePublished\":\"2021-08-02T12:50:25+00:00\",\"dateModified\":\"2024-06-05T13:39:47+00:00\",\"breadcrumb\":{\"@id\":\"https:\/\/queixotetilla.org\/gl\/restaurantes-amigos\/#breadcrumb\"},\"inLanguage\":\"gl-ES\",\"potentialAction\":[{\"@type\":\"ReadAction\",\"target\":[\"https:\/\/queixotetilla.org\/gl\/restaurantes-amigos\/\"]}]},{\"@type\":\"BreadcrumbList\",\"@id\":\"https:\/\/queixotetilla.org\/gl\/restaurantes-amigos\/#breadcrumb\",\"itemListElement\":[{\"@type\":\"ListItem\",\"position\":1,\"name\":\"Portada\",\"item\":\"https:\/\/queixotetilla.org\/gl\/\"},{\"@type\":\"ListItem\",\"position\":2,\"name\":\"Restaurantes amigos\"}]},{\"@type\":\"WebSite\",\"@id\":\"https:\/\/queixotetilla.org\/gl\/#website\",\"url\":\"https:\/\/queixotetilla.org\/gl\/\",\"name\":\"Queixo Tetilla\",\"description\":\"Denominaci\u00f3n de orixe protexida\",\"publisher\":{\"@id\":\"https:\/\/queixotetilla.org\/gl\/#organization\"},\"potentialAction\":[{\"@type\":\"SearchAction\",\"target\":{\"@type\":\"EntryPoint\",\"urlTemplate\":\"https:\/\/queixotetilla.org\/gl\/?s={search_term_string}\"},\"query-input\":{\"@type\":\"PropertyValueSpecification\",\"valueRequired\":true,\"valueName\":\"search_term_string\"}}],\"inLanguage\":\"gl-ES\"},{\"@type\":\"Organization\",\"@id\":\"https:\/\/queixotetilla.org\/gl\/#organization\",\"name\":\"Queixo Tetilla\",\"url\":\"https:\/\/queixotetilla.org\/gl\/\",\"logo\":{\"@type\":\"ImageObject\",\"inLanguage\":\"gl-ES\",\"@id\":\"https:\/\/queixotetilla.org\/gl\/#\/schema\/logo\/image\/\",\"url\":\"https:\/\/queixotetilla.org\/wp-content\/uploads\/2021\/08\/logo_web.png\",\"contentUrl\":\"https:\/\/queixotetilla.org\/wp-content\/uploads\/2021\/08\/logo_web.png\",\"width\":500,\"height\":451,\"caption\":\"Queixo Tetilla\"},\"image\":{\"@id\":\"https:\/\/queixotetilla.org\/gl\/#\/schema\/logo\/image\/\"}}]}<\/script>\n<!-- \/ Yoast SEO plugin. -->","yoast_head_json":{"title":"Restaurantes amigos - Queixo Tetilla","robots":{"index":"index","follow":"follow","max-snippet":"max-snippet:-1","max-image-preview":"max-image-preview:large","max-video-preview":"max-video-preview:-1"},"canonical":"https:\/\/queixotetilla.org\/gl\/restaurantes-amigos\/","og_locale":"gl_ES","og_type":"article","og_title":"Restaurantes amigos - Queixo Tetilla","og_description":"RESTAURANTES AMIGOS QUIERES COCINAR COMO LOS MEJORES RESTAURANTES DE GALICIA? Disfruta de las recetas de los mejores restaurantes de Galicia elaboradas con Queso Tetilla Aqu\u00ed te presentamos una selecci\u00f3n \u00fanica de recetas elaboradas con Queso Tetilla. Son recetas de consagrados cocineros de los mejores restaurantes de Galicia. Te recomendamos visitar los restaurantes y probarlas, y [&hellip;]","og_url":"https:\/\/queixotetilla.org\/gl\/restaurantes-amigos\/","og_site_name":"Queixo Tetilla","article_modified_time":"2024-06-05T13:39:47+00:00","twitter_card":"summary_large_image","schema":{"@context":"https:\/\/schema.org","@graph":[{"@type":"WebPage","@id":"https:\/\/queixotetilla.org\/gl\/restaurantes-amigos\/","url":"https:\/\/queixotetilla.org\/gl\/restaurantes-amigos\/","name":"Restaurantes amigos - Queixo Tetilla","isPartOf":{"@id":"https:\/\/queixotetilla.org\/gl\/#website"},"datePublished":"2021-08-02T12:50:25+00:00","dateModified":"2024-06-05T13:39:47+00:00","breadcrumb":{"@id":"https:\/\/queixotetilla.org\/gl\/restaurantes-amigos\/#breadcrumb"},"inLanguage":"gl-ES","potentialAction":[{"@type":"ReadAction","target":["https:\/\/queixotetilla.org\/gl\/restaurantes-amigos\/"]}]},{"@type":"BreadcrumbList","@id":"https:\/\/queixotetilla.org\/gl\/restaurantes-amigos\/#breadcrumb","itemListElement":[{"@type":"ListItem","position":1,"name":"Portada","item":"https:\/\/queixotetilla.org\/gl\/"},{"@type":"ListItem","position":2,"name":"Restaurantes amigos"}]},{"@type":"WebSite","@id":"https:\/\/queixotetilla.org\/gl\/#website","url":"https:\/\/queixotetilla.org\/gl\/","name":"Queixo Tetilla","description":"Denominaci\u00f3n de orixe protexida","publisher":{"@id":"https:\/\/queixotetilla.org\/gl\/#organization"},"potentialAction":[{"@type":"SearchAction","target":{"@type":"EntryPoint","urlTemplate":"https:\/\/queixotetilla.org\/gl\/?s={search_term_string}"},"query-input":{"@type":"PropertyValueSpecification","valueRequired":true,"valueName":"search_term_string"}}],"inLanguage":"gl-ES"},{"@type":"Organization","@id":"https:\/\/queixotetilla.org\/gl\/#organization","name":"Queixo Tetilla","url":"https:\/\/queixotetilla.org\/gl\/","logo":{"@type":"ImageObject","inLanguage":"gl-ES","@id":"https:\/\/queixotetilla.org\/gl\/#\/schema\/logo\/image\/","url":"https:\/\/queixotetilla.org\/wp-content\/uploads\/2021\/08\/logo_web.png","contentUrl":"https:\/\/queixotetilla.org\/wp-content\/uploads\/2021\/08\/logo_web.png","width":500,"height":451,"caption":"Queixo Tetilla"},"image":{"@id":"https:\/\/queixotetilla.org\/gl\/#\/schema\/logo\/image\/"}}]}},"_links":{"self":[{"href":"https:\/\/queixotetilla.org\/gl\/wp-json\/wp\/v2\/pages\/965","targetHints":{"allow":["GET"]}}],"collection":[{"href":"https:\/\/queixotetilla.org\/gl\/wp-json\/wp\/v2\/pages"}],"about":[{"href":"https:\/\/queixotetilla.org\/gl\/wp-json\/wp\/v2\/types\/page"}],"author":[{"embeddable":true,"href":"https:\/\/queixotetilla.org\/gl\/wp-json\/wp\/v2\/users\/5"}],"replies":[{"embeddable":true,"href":"https:\/\/queixotetilla.org\/gl\/wp-json\/wp\/v2\/comments?post=965"}],"version-history":[{"count":0,"href":"https:\/\/queixotetilla.org\/gl\/wp-json\/wp\/v2\/pages\/965\/revisions"}],"wp:attachment":[{"href":"https:\/\/queixotetilla.org\/gl\/wp-json\/wp\/v2\/media?parent=965"}],"curies":[{"name":"wp","href":"https:\/\/api.w.org\/{rel}","templated":true}]}}