{"id":970,"date":"2021-04-16T13:07:00","date_gmt":"2021-04-16T13:07:00","guid":{"rendered":"https:\/\/queixotetilla.org\/?page_id=970"},"modified":"2024-06-05T13:39:47","modified_gmt":"2024-06-05T13:39:47","slug":"un-queso-unico","status":"publish","type":"page","link":"https:\/\/queixotetilla.org\/gl\/un-queso-unico\/","title":{"rendered":"Un queso \u00fanico"},"content":{"rendered":"<p>[et_pb_section fb_built=&#8221;1&#8243; admin_label=&#8221;Services&#8221; _builder_version=&#8221;3.22&#8243; custom_padding=&#8221;2px|||||&#8221; locked=&#8221;off&#8221; global_colors_info=&#8221;{}&#8221;][et_pb_row use_custom_gutter=&#8221;on&#8221; gutter_width=&#8221;1&#8243; _builder_version=&#8221;4.4.8&#8243; background_enable_color=&#8221;off&#8221; background_image=&#8221;https:\/\/queixotetilla.org\/wp-content\/uploads\/2021\/08\/4.jpg&#8221; background_position=&#8221;top_right&#8221; width=&#8221;100%&#8221; max_width=&#8221;2560px&#8221; module_alignment=&#8221;center&#8221; custom_padding=&#8221;50px||50px||false|false&#8221; global_colors_info=&#8221;{}&#8221;][et_pb_column type=&#8221;4_4&#8243; _builder_version=&#8221;3.25&#8243; custom_padding=&#8221;|||&#8221; global_colors_info=&#8221;{}&#8221; custom_padding__hover=&#8221;|||&#8221;][et_pb_text _builder_version=&#8221;4.4.8&#8243; text_font=&#8221;Century Gothic Bold||||||||&#8221; text_text_color=&#8221;#ffffff&#8221; text_font_size=&#8221;45px&#8221; text_line_height=&#8221;1.2em&#8221; header_font=&#8221;||||||||&#8221; header_2_font=&#8221;Patua One|600|||||||&#8221; header_2_font_size=&#8221;36px&#8221; header_2_line_height=&#8221;1.4em&#8221; header_3_font=&#8221;||||||||&#8221; header_4_font=&#8221;Patua One|||on|||||&#8221; header_4_text_color=&#8221;#a06d51&#8243; header_4_font_size=&#8221;14px&#8221; header_4_letter_spacing=&#8221;1px&#8221; header_4_line_height=&#8221;1.4em&#8221; header_2_font_size_tablet=&#8221;26px&#8221; header_2_font_size_phone=&#8221;20px&#8221; header_2_font_size_last_edited=&#8221;on|phone&#8221; locked=&#8221;off&#8221; global_colors_info=&#8221;{}&#8221;]<\/p>\n<p style=\"text-align: center;\">UN QUESO \u00daNICO<\/p>\n<p>[\/et_pb_text][\/et_pb_column][\/et_pb_row][et_pb_row column_structure=&#8221;1_3,1_3,1_3&#8243; _builder_version=&#8221;4.4.8&#8243; max_width=&#8221;1200px&#8221; custom_padding=&#8221;70px|||||&#8221; global_colors_info=&#8221;{}&#8221;][et_pb_column type=&#8221;1_3&#8243; _builder_version=&#8221;4.4.8&#8243; global_colors_info=&#8221;{}&#8221;][et_pb_text _builder_version=&#8221;4.4.8&#8243; text_font=&#8221;Century Gothic||||||||&#8221; text_line_height=&#8221;2em&#8221; header_font=&#8221;||||||||&#8221; header_2_font=&#8221;Patua One|600|||||||&#8221; header_2_line_height=&#8221;1.4em&#8221; header_3_font=&#8221;||||||||&#8221; header_4_font=&#8221;Patua One|||on|||||&#8221; header_4_text_color=&#8221;#a06d51&#8243; header_4_font_size=&#8221;14px&#8221; header_4_letter_spacing=&#8221;1px&#8221; header_4_line_height=&#8221;1.4em&#8221; locked=&#8221;off&#8221; global_colors_info=&#8221;{}&#8221;]<\/p>\n<p>La palabra tetilla define claramente la forma tradicional c\u00f3nica, c\u00f3ncava-convexa, aplanada, con un ligero pez\u00f3n en su v\u00e9rtice. Es el queso m\u00e1s caracter\u00edstico y t\u00edpico de Galicia y f\u00e1cilmente reconocible por su formato y su corteza lisa y fina, de color amarillo pajizo.<\/p>\n<p>De pasta blanda, cremosa, uniforme, con pocos ojos y de color blanco- marfil, amarillenta, tiene una gran cremosidad en boca y un sabor muy natural, l\u00e1cteo, ligeramente ac\u00eddulo y salado suave apto para todos los gustos. Un queso de consumo diario y continuado, a todas horas, con buenas aplicaciones culinarias, sobre todo para rellenos y empanados, debido a su car\u00e1cter fundente con un golpe de calor.<\/p>\n<p>Es el queso de m\u00e1s tradici\u00f3n popular de los consumidos en Galicia aunque tambi\u00e9n es conocido y apreciado en el resto de mercado espa\u00f1ol. La estructura rural de Galicia, con peque\u00f1as aldeas y granjas diseminadas por todo su territorio, de orograf\u00eda ondulada y de clima mar\u00edtimo templado y h\u00famedo, convierte el noroeste de Espa\u00f1a ( el Finis Terrae ) en una pradera perenne y continuada, con peque\u00f1os campos en un paisaje agradable.<\/p>\n<p>De gran vocaci\u00f3n ganadera, Galicia es la comunidad aut\u00f3noma espa\u00f1ola con la mayor producci\u00f3n de leche de vaca; en cualquier rinc\u00f3n se puede encontrar una peque\u00f1a o gran queser\u00eda elaborando el Queso Tetilla. Un verdadero orgullo para la tierra que lo creo y que conserv\u00f3 con celo el secreto que esconde este queso de peculiar forma.<\/p>\n<p>[\/et_pb_text][\/et_pb_column][et_pb_column type=&#8221;1_3&#8243; _builder_version=&#8221;4.4.8&#8243; global_colors_info=&#8221;{}&#8221;][et_pb_image src=&#8221;https:\/\/queixotetilla.org\/wp-content\/uploads\/2021\/04\/Queixo-Tetilla_blanco-scaled.jpg&#8221; title_text=&#8221;Pombo fot\u00f3grafos&#8221; _builder_version=&#8221;4.4.8&#8243; custom_margin=&#8221;||1px|||&#8221; global_colors_info=&#8221;{}&#8221;][\/et_pb_image][et_pb_text _builder_version=&#8221;4.4.8&#8243; text_font=&#8221;Century Gothic Bold||||||||&#8221; text_text_color=&#8221;#008a88&#8243; text_font_size=&#8221;34px&#8221; text_line_height=&#8221;1.2em&#8221; header_font=&#8221;||||||||&#8221; header_2_font=&#8221;Patua One|600|||||||&#8221; header_2_font_size=&#8221;36px&#8221; header_2_line_height=&#8221;1.4em&#8221; header_3_font=&#8221;||||||||&#8221; header_4_font=&#8221;Patua One|||on|||||&#8221; header_4_text_color=&#8221;#a06d51&#8243; header_4_font_size=&#8221;14px&#8221; header_4_letter_spacing=&#8221;1px&#8221; header_4_line_height=&#8221;1.4em&#8221; custom_margin=&#8221;||1px|||&#8221; custom_padding=&#8221;6px|||||&#8221; header_2_font_size_tablet=&#8221;26px&#8221; header_2_font_size_phone=&#8221;20px&#8221; header_2_font_size_last_edited=&#8221;on|phone&#8221; locked=&#8221;off&#8221; global_colors_info=&#8221;{}&#8221;]CARACTER\u00cdSTICAS Y PROPIEDADES[\/et_pb_text][et_pb_text _builder_version=&#8221;4.4.8&#8243; text_font=&#8221;Century Gothic||||||||&#8221; text_line_height=&#8221;2em&#8221; header_font=&#8221;||||||||&#8221; header_2_font=&#8221;Patua One|600|||||||&#8221; header_2_line_height=&#8221;1.4em&#8221; header_3_font=&#8221;||||||||&#8221; header_4_font=&#8221;Patua One|||on|||||&#8221; header_4_text_color=&#8221;#a06d51&#8243; header_4_font_size=&#8221;14px&#8221; header_4_letter_spacing=&#8221;1px&#8221; header_4_line_height=&#8221;1.4em&#8221; custom_margin=&#8221;23px|||||&#8221; locked=&#8221;off&#8221; global_colors_info=&#8221;{}&#8221;]<\/p>\n<p>Al t\u00e9rmino de su maduraci\u00f3n el Queso Tetilla presentar\u00e1 las siguientes propiedades y caracter\u00edsticas b\u00e1sicas:<\/p>\n<p>[\/et_pb_text][et_pb_blurb title=&#8221;Corteza&#8221; image_max_width=&#8221;80px&#8221; image_max_width_tablet=&#8221;&#8221; image_max_width_phone=&#8221;50px&#8221; image_max_width_last_edited=&#8221;on|phone&#8221; _builder_version=&#8221;4.4.8&#8243; header_font=&#8221;Century Gothic Bold||||||||&#8221; header_text_color=&#8221;#000000&#8243; header_font_size=&#8221;16px&#8221; header_line_height=&#8221;1.4em&#8221; body_font=&#8221;Century Gothic||||||||&#8221; body_line_height=&#8221;1.5em&#8221; text_orientation=&#8221;center&#8221; max_width=&#8221;500px&#8221; custom_margin=&#8221;||30px|||&#8221; custom_padding=&#8221;30px|30px|30px|30px|true|true&#8221; animation=&#8221;off&#8221; link_option_url=&#8221;#&#8221; border_width_all=&#8221;1px&#8221; border_color_all=&#8221;rgba(0,0,0,0.12)&#8221; box_shadow_style=&#8221;preset1&#8243; box_shadow_vertical=&#8221;0px&#8221; box_shadow_blur=&#8221;0px&#8221; box_shadow_color=&#8221;rgba(0,0,0,0.11)&#8221; locked=&#8221;off&#8221; global_colors_info=&#8221;{}&#8221; box_shadow_blur__hover=&#8221;60px&#8221; box_shadow_blur__hover_enabled=&#8221;on&#8221;]<\/p>\n<p>Fina y el\u00e1stica, de menos de tres mil\u00edmetros de grosor; color amarillo paja natural y sin moho<\/p>\n<p>[\/et_pb_blurb][et_pb_blurb title=&#8221;Pasta&#8221; image_max_width=&#8221;80px&#8221; image_max_width_tablet=&#8221;&#8221; image_max_width_phone=&#8221;50px&#8221; image_max_width_last_edited=&#8221;on|phone&#8221; _builder_version=&#8221;4.4.8&#8243; header_font=&#8221;Century Gothic Bold||||||||&#8221; header_text_color=&#8221;#000000&#8243; header_font_size=&#8221;16px&#8221; header_line_height=&#8221;1.4em&#8221; body_font=&#8221;Century Gothic||||||||&#8221; body_line_height=&#8221;1.5em&#8221; text_orientation=&#8221;center&#8221; max_width=&#8221;500px&#8221; custom_margin=&#8221;||30px|||&#8221; custom_padding=&#8221;30px|30px|30px|30px|true|true&#8221; animation=&#8221;off&#8221; link_option_url=&#8221;#&#8221; border_width_all=&#8221;1px&#8221; border_color_all=&#8221;rgba(0,0,0,0.12)&#8221; box_shadow_style=&#8221;preset1&#8243; box_shadow_vertical=&#8221;0px&#8221; box_shadow_blur=&#8221;0px&#8221; box_shadow_color=&#8221;rgba(0,0,0,0.11)&#8221; locked=&#8221;off&#8221; global_colors_info=&#8221;{}&#8221; box_shadow_blur__hover=&#8221;60px&#8221; box_shadow_blur__hover_enabled=&#8221;on&#8221;]<\/p>\n<p>Blanda, cremosa y uniforme, sin ojos o con pocos ojos peque\u00f1os repartidos; color blanco-marfil, amarillento<\/p>\n<p>[\/et_pb_blurb][et_pb_blurb title=&#8221;Olor&#8221; image_max_width=&#8221;80px&#8221; image_max_width_tablet=&#8221;&#8221; image_max_width_phone=&#8221;50px&#8221; image_max_width_last_edited=&#8221;on|phone&#8221; _builder_version=&#8221;4.4.8&#8243; header_font=&#8221;Century Gothic Bold||||||||&#8221; header_text_color=&#8221;#000000&#8243; header_font_size=&#8221;16px&#8221; header_line_height=&#8221;1.4em&#8221; body_font=&#8221;Century Gothic||||||||&#8221; body_line_height=&#8221;1.5em&#8221; text_orientation=&#8221;center&#8221; max_width=&#8221;500px&#8221; custom_margin=&#8221;||30px|||&#8221; custom_padding=&#8221;30px|30px|30px|30px|true|true&#8221; animation=&#8221;off&#8221; link_option_url=&#8221;#&#8221; border_width_all=&#8221;1px&#8221; border_color_all=&#8221;rgba(0,0,0,0.12)&#8221; box_shadow_style=&#8221;preset1&#8243; box_shadow_vertical=&#8221;0px&#8221; box_shadow_blur=&#8221;0px&#8221; box_shadow_color=&#8221;rgba(0,0,0,0.11)&#8221; locked=&#8221;off&#8221; global_colors_info=&#8221;{}&#8221; box_shadow_blur__hover=&#8221;60px&#8221; box_shadow_blur__hover_enabled=&#8221;on&#8221;]<\/p>\n<p>Suave, ligeramente \u00e1cido y que en su conjunto recuerda a la leche de la que procede<\/p>\n<p>[\/et_pb_blurb][et_pb_blurb title=&#8221;Sabor y aroma&#8221; image_max_width=&#8221;80px&#8221; image_max_width_tablet=&#8221;&#8221; image_max_width_phone=&#8221;50px&#8221; image_max_width_last_edited=&#8221;on|phone&#8221; _builder_version=&#8221;4.4.8&#8243; header_font=&#8221;Century Gothic Bold||||||||&#8221; header_text_color=&#8221;#000000&#8243; header_font_size=&#8221;16px&#8221; header_line_height=&#8221;1.4em&#8221; body_font=&#8221;Century Gothic||||||||&#8221; body_line_height=&#8221;1.5em&#8221; text_orientation=&#8221;center&#8221; max_width=&#8221;500px&#8221; custom_padding=&#8221;30px|30px|30px|30px|true|true&#8221; animation=&#8221;off&#8221; link_option_url=&#8221;#&#8221; border_width_all=&#8221;1px&#8221; border_color_all=&#8221;rgba(0,0,0,0.12)&#8221; box_shadow_style=&#8221;preset1&#8243; box_shadow_vertical=&#8221;0px&#8221; box_shadow_blur=&#8221;0px&#8221; box_shadow_color=&#8221;rgba(0,0,0,0.11)&#8221; locked=&#8221;off&#8221; global_colors_info=&#8221;{}&#8221; box_shadow_blur__hover=&#8221;60px&#8221; box_shadow_blur__hover_enabled=&#8221;on&#8221;]<\/p>\n<p>L\u00e1cteo, mantecoso, ligeramente \u00e1cido y salado suave<\/p>\n<p>[\/et_pb_blurb][\/et_pb_column][et_pb_column type=&#8221;1_3&#8243; _builder_version=&#8221;4.4.8&#8243; global_colors_info=&#8221;{}&#8221;][et_pb_blurb title=&#8221;Forma&#8221; image_max_width=&#8221;80px&#8221; image_max_width_tablet=&#8221;&#8221; image_max_width_phone=&#8221;50px&#8221; image_max_width_last_edited=&#8221;on|phone&#8221; _builder_version=&#8221;4.4.8&#8243; header_font=&#8221;Century Gothic Bold||||||||&#8221; header_text_color=&#8221;#000000&#8243; header_font_size=&#8221;16px&#8221; header_line_height=&#8221;1.4em&#8221; body_font=&#8221;Century Gothic||||||||&#8221; body_line_height=&#8221;1.9em&#8221; text_orientation=&#8221;center&#8221; max_width=&#8221;500px&#8221; custom_padding=&#8221;30px|30px|30px|30px|true|true&#8221; animation=&#8221;off&#8221; link_option_url=&#8221;#&#8221; border_width_all=&#8221;1px&#8221; border_color_all=&#8221;rgba(0,0,0,0.12)&#8221; box_shadow_style=&#8221;preset1&#8243; box_shadow_vertical=&#8221;0px&#8221; box_shadow_blur=&#8221;0px&#8221; box_shadow_color=&#8221;rgba(0,0,0,0.11)&#8221; locked=&#8221;off&#8221; global_colors_info=&#8221;{}&#8221; box_shadow_blur__hover=&#8221;60px&#8221; box_shadow_blur__hover_enabled=&#8221;on&#8221;]<\/p>\n<p>C\u00f3nica, c\u00f3ncava-convexa<\/p>\n<p>[\/et_pb_blurb][et_pb_blurb title=&#8221;Peso&#8221; image_max_width=&#8221;80px&#8221; image_max_width_tablet=&#8221;&#8221; image_max_width_phone=&#8221;50px&#8221; image_max_width_last_edited=&#8221;on|phone&#8221; _builder_version=&#8221;4.4.8&#8243; header_font=&#8221;Century Gothic Bold||||||||&#8221; header_text_color=&#8221;#000000&#8243; header_font_size=&#8221;16px&#8221; header_line_height=&#8221;1.4em&#8221; body_font=&#8221;Century Gothic||||||||&#8221; body_line_height=&#8221;1.9em&#8221; text_orientation=&#8221;center&#8221; max_width=&#8221;500px&#8221; custom_padding=&#8221;30px|30px|30px|30px|true|true&#8221; animation=&#8221;off&#8221; link_option_url=&#8221;#&#8221; border_width_all=&#8221;1px&#8221; border_color_all=&#8221;rgba(0,0,0,0.12)&#8221; box_shadow_style=&#8221;preset1&#8243; box_shadow_vertical=&#8221;0px&#8221; box_shadow_blur=&#8221;0px&#8221; box_shadow_color=&#8221;rgba(0,0,0,0.11)&#8221; locked=&#8221;off&#8221; global_colors_info=&#8221;{}&#8221; box_shadow_blur__hover=&#8221;60px&#8221; box_shadow_blur__hover_enabled=&#8221;on&#8221;]<\/p>\n<p>De 0,5 a 1,5 Kg<\/p>\n<p>[\/et_pb_blurb][et_pb_blurb title=&#8221;Dimensiones&#8221; image_max_width=&#8221;80px&#8221; image_max_width_tablet=&#8221;&#8221; image_max_width_phone=&#8221;50px&#8221; image_max_width_last_edited=&#8221;on|phone&#8221; _builder_version=&#8221;4.4.8&#8243; header_font=&#8221;Century Gothic Bold||||||||&#8221; header_text_color=&#8221;#000000&#8243; header_font_size=&#8221;16px&#8221; header_line_height=&#8221;1.4em&#8221; body_font=&#8221;Century Gothic||||||||&#8221; body_line_height=&#8221;1.9em&#8221; text_orientation=&#8221;center&#8221; max_width=&#8221;500px&#8221; custom_padding=&#8221;30px|30px|30px|30px|true|true&#8221; animation=&#8221;off&#8221; link_option_url=&#8221;#&#8221; border_width_all=&#8221;1px&#8221; border_color_all=&#8221;rgba(0,0,0,0.12)&#8221; box_shadow_style=&#8221;preset1&#8243; box_shadow_vertical=&#8221;0px&#8221; box_shadow_blur=&#8221;0px&#8221; box_shadow_color=&#8221;rgba(0,0,0,0.11)&#8221; locked=&#8221;off&#8221; global_colors_info=&#8221;{}&#8221; box_shadow_blur__hover=&#8221;60px&#8221; box_shadow_blur__hover_enabled=&#8221;on&#8221;]<\/p>\n<p>La altura ser\u00e1 superior al radio de la base e inferior al di\u00e1metro<\/p>\n<p><strong>M\u00e1ximo:<\/strong><br \/>\n150 mm de altura.<br \/>\n150 mm de di\u00e1metro base.<br \/>\n<strong>M\u00ednimo:<\/strong><br \/>\n90 mm de altura.<br \/>\n90 mm de di\u00e1metro base.<\/p>\n<p>[\/et_pb_blurb][et_pb_image src=&#8221;https:\/\/queixotetilla.org\/wp-content\/uploads\/2021\/04\/diametros.jpeg&#8221; title_text=&#8221;diametros&#8221; align_tablet=&#8221;center&#8221; align_phone=&#8221;&#8221; align_last_edited=&#8221;on|desktop&#8221; _builder_version=&#8221;4.4.8&#8243; max_width_tablet=&#8221;400px&#8221; max_width_phone=&#8221;&#8221; max_width_last_edited=&#8221;on|tablet&#8221; custom_margin=&#8221;|-8vw||&#8221; locked=&#8221;off&#8221; global_colors_info=&#8221;{}&#8221;][\/et_pb_image][\/et_pb_column][\/et_pb_row][\/et_pb_section]<\/p>\n","protected":false},"excerpt":{"rendered":"<p>UN QUESO \u00daNICO La palabra tetilla define claramente la forma tradicional c\u00f3nica, c\u00f3ncava-convexa, aplanada, con un ligero pez\u00f3n en su v\u00e9rtice. Es el queso m\u00e1s caracter\u00edstico y t\u00edpico de Galicia y f\u00e1cilmente reconocible por su formato y su corteza lisa y fina, de color amarillo pajizo. De pasta blanda, cremosa, uniforme, con pocos ojos y [&hellip;]<\/p>\n","protected":false},"author":5,"featured_media":0,"parent":0,"menu_order":0,"comment_status":"closed","ping_status":"closed","template":"","meta":{"_et_pb_use_builder":"on","_et_pb_old_content":"","_et_gb_content_width":"","footnotes":""},"class_list":["post-970","page","type-page","status-publish","hentry"],"yoast_head":"<!-- This site is optimized with the Yoast SEO plugin v26.0 - https:\/\/yoast.com\/wordpress\/plugins\/seo\/ -->\n<title>Un queso \u00fanico - Queixo Tetilla<\/title>\n<meta name=\"robots\" content=\"index, follow, max-snippet:-1, max-image-preview:large, max-video-preview:-1\" \/>\n<link rel=\"canonical\" href=\"https:\/\/queixotetilla.org\/gl\/un-queso-unico\/\" \/>\n<meta property=\"og:locale\" content=\"gl_ES\" \/>\n<meta property=\"og:type\" content=\"article\" \/>\n<meta property=\"og:title\" content=\"Un queso \u00fanico - Queixo Tetilla\" \/>\n<meta property=\"og:description\" content=\"UN QUESO \u00daNICO La palabra tetilla define claramente la forma tradicional c\u00f3nica, c\u00f3ncava-convexa, aplanada, con un ligero pez\u00f3n en su v\u00e9rtice. Es el queso m\u00e1s caracter\u00edstico y t\u00edpico de Galicia y f\u00e1cilmente reconocible por su formato y su corteza lisa y fina, de color amarillo pajizo. De pasta blanda, cremosa, uniforme, con pocos ojos y [&hellip;]\" \/>\n<meta property=\"og:url\" content=\"https:\/\/queixotetilla.org\/gl\/un-queso-unico\/\" \/>\n<meta property=\"og:site_name\" content=\"Queixo Tetilla\" \/>\n<meta property=\"article:modified_time\" content=\"2024-06-05T13:39:47+00:00\" \/>\n<meta name=\"twitter:card\" content=\"summary_large_image\" \/>\n<script type=\"application\/ld+json\" class=\"yoast-schema-graph\">{\"@context\":\"https:\/\/schema.org\",\"@graph\":[{\"@type\":\"WebPage\",\"@id\":\"https:\/\/queixotetilla.org\/gl\/un-queso-unico\/\",\"url\":\"https:\/\/queixotetilla.org\/gl\/un-queso-unico\/\",\"name\":\"Un queso \u00fanico - Queixo Tetilla\",\"isPartOf\":{\"@id\":\"https:\/\/queixotetilla.org\/gl\/#website\"},\"datePublished\":\"2021-04-16T13:07:00+00:00\",\"dateModified\":\"2024-06-05T13:39:47+00:00\",\"breadcrumb\":{\"@id\":\"https:\/\/queixotetilla.org\/gl\/un-queso-unico\/#breadcrumb\"},\"inLanguage\":\"gl-ES\",\"potentialAction\":[{\"@type\":\"ReadAction\",\"target\":[\"https:\/\/queixotetilla.org\/gl\/un-queso-unico\/\"]}]},{\"@type\":\"BreadcrumbList\",\"@id\":\"https:\/\/queixotetilla.org\/gl\/un-queso-unico\/#breadcrumb\",\"itemListElement\":[{\"@type\":\"ListItem\",\"position\":1,\"name\":\"Portada\",\"item\":\"https:\/\/queixotetilla.org\/gl\/\"},{\"@type\":\"ListItem\",\"position\":2,\"name\":\"Un queso \u00fanico\"}]},{\"@type\":\"WebSite\",\"@id\":\"https:\/\/queixotetilla.org\/gl\/#website\",\"url\":\"https:\/\/queixotetilla.org\/gl\/\",\"name\":\"Queixo Tetilla\",\"description\":\"Denominaci\u00f3n de orixe protexida\",\"publisher\":{\"@id\":\"https:\/\/queixotetilla.org\/gl\/#organization\"},\"potentialAction\":[{\"@type\":\"SearchAction\",\"target\":{\"@type\":\"EntryPoint\",\"urlTemplate\":\"https:\/\/queixotetilla.org\/gl\/?s={search_term_string}\"},\"query-input\":{\"@type\":\"PropertyValueSpecification\",\"valueRequired\":true,\"valueName\":\"search_term_string\"}}],\"inLanguage\":\"gl-ES\"},{\"@type\":\"Organization\",\"@id\":\"https:\/\/queixotetilla.org\/gl\/#organization\",\"name\":\"Queixo Tetilla\",\"url\":\"https:\/\/queixotetilla.org\/gl\/\",\"logo\":{\"@type\":\"ImageObject\",\"inLanguage\":\"gl-ES\",\"@id\":\"https:\/\/queixotetilla.org\/gl\/#\/schema\/logo\/image\/\",\"url\":\"https:\/\/queixotetilla.org\/wp-content\/uploads\/2021\/08\/logo_web.png\",\"contentUrl\":\"https:\/\/queixotetilla.org\/wp-content\/uploads\/2021\/08\/logo_web.png\",\"width\":500,\"height\":451,\"caption\":\"Queixo Tetilla\"},\"image\":{\"@id\":\"https:\/\/queixotetilla.org\/gl\/#\/schema\/logo\/image\/\"}}]}<\/script>\n<!-- \/ Yoast SEO plugin. -->","yoast_head_json":{"title":"Un queso \u00fanico - Queixo Tetilla","robots":{"index":"index","follow":"follow","max-snippet":"max-snippet:-1","max-image-preview":"max-image-preview:large","max-video-preview":"max-video-preview:-1"},"canonical":"https:\/\/queixotetilla.org\/gl\/un-queso-unico\/","og_locale":"gl_ES","og_type":"article","og_title":"Un queso \u00fanico - Queixo Tetilla","og_description":"UN QUESO \u00daNICO La palabra tetilla define claramente la forma tradicional c\u00f3nica, c\u00f3ncava-convexa, aplanada, con un ligero pez\u00f3n en su v\u00e9rtice. Es el queso m\u00e1s caracter\u00edstico y t\u00edpico de Galicia y f\u00e1cilmente reconocible por su formato y su corteza lisa y fina, de color amarillo pajizo. De pasta blanda, cremosa, uniforme, con pocos ojos y [&hellip;]","og_url":"https:\/\/queixotetilla.org\/gl\/un-queso-unico\/","og_site_name":"Queixo Tetilla","article_modified_time":"2024-06-05T13:39:47+00:00","twitter_card":"summary_large_image","schema":{"@context":"https:\/\/schema.org","@graph":[{"@type":"WebPage","@id":"https:\/\/queixotetilla.org\/gl\/un-queso-unico\/","url":"https:\/\/queixotetilla.org\/gl\/un-queso-unico\/","name":"Un queso \u00fanico - Queixo Tetilla","isPartOf":{"@id":"https:\/\/queixotetilla.org\/gl\/#website"},"datePublished":"2021-04-16T13:07:00+00:00","dateModified":"2024-06-05T13:39:47+00:00","breadcrumb":{"@id":"https:\/\/queixotetilla.org\/gl\/un-queso-unico\/#breadcrumb"},"inLanguage":"gl-ES","potentialAction":[{"@type":"ReadAction","target":["https:\/\/queixotetilla.org\/gl\/un-queso-unico\/"]}]},{"@type":"BreadcrumbList","@id":"https:\/\/queixotetilla.org\/gl\/un-queso-unico\/#breadcrumb","itemListElement":[{"@type":"ListItem","position":1,"name":"Portada","item":"https:\/\/queixotetilla.org\/gl\/"},{"@type":"ListItem","position":2,"name":"Un queso \u00fanico"}]},{"@type":"WebSite","@id":"https:\/\/queixotetilla.org\/gl\/#website","url":"https:\/\/queixotetilla.org\/gl\/","name":"Queixo Tetilla","description":"Denominaci\u00f3n de orixe protexida","publisher":{"@id":"https:\/\/queixotetilla.org\/gl\/#organization"},"potentialAction":[{"@type":"SearchAction","target":{"@type":"EntryPoint","urlTemplate":"https:\/\/queixotetilla.org\/gl\/?s={search_term_string}"},"query-input":{"@type":"PropertyValueSpecification","valueRequired":true,"valueName":"search_term_string"}}],"inLanguage":"gl-ES"},{"@type":"Organization","@id":"https:\/\/queixotetilla.org\/gl\/#organization","name":"Queixo Tetilla","url":"https:\/\/queixotetilla.org\/gl\/","logo":{"@type":"ImageObject","inLanguage":"gl-ES","@id":"https:\/\/queixotetilla.org\/gl\/#\/schema\/logo\/image\/","url":"https:\/\/queixotetilla.org\/wp-content\/uploads\/2021\/08\/logo_web.png","contentUrl":"https:\/\/queixotetilla.org\/wp-content\/uploads\/2021\/08\/logo_web.png","width":500,"height":451,"caption":"Queixo Tetilla"},"image":{"@id":"https:\/\/queixotetilla.org\/gl\/#\/schema\/logo\/image\/"}}]}},"_links":{"self":[{"href":"https:\/\/queixotetilla.org\/gl\/wp-json\/wp\/v2\/pages\/970","targetHints":{"allow":["GET"]}}],"collection":[{"href":"https:\/\/queixotetilla.org\/gl\/wp-json\/wp\/v2\/pages"}],"about":[{"href":"https:\/\/queixotetilla.org\/gl\/wp-json\/wp\/v2\/types\/page"}],"author":[{"embeddable":true,"href":"https:\/\/queixotetilla.org\/gl\/wp-json\/wp\/v2\/users\/5"}],"replies":[{"embeddable":true,"href":"https:\/\/queixotetilla.org\/gl\/wp-json\/wp\/v2\/comments?post=970"}],"version-history":[{"count":0,"href":"https:\/\/queixotetilla.org\/gl\/wp-json\/wp\/v2\/pages\/970\/revisions"}],"wp:attachment":[{"href":"https:\/\/queixotetilla.org\/gl\/wp-json\/wp\/v2\/media?parent=970"}],"curies":[{"name":"wp","href":"https:\/\/api.w.org\/{rel}","templated":true}]}}